{"id":9,"date":"2026-04-21T16:47:48","date_gmt":"2026-04-21T16:47:48","guid":{"rendered":"https:\/\/somahauta.fi\/?page_id=9"},"modified":"2026-04-23T06:35:44","modified_gmt":"2026-04-23T06:35:44","slug":"etusivu","status":"publish","type":"page","link":"https:\/\/somahauta.fi\/","title":{"rendered":"Etusivu"},"content":{"rendered":"\n<div class=\"wp-block-cover alignfull\" style=\"min-height:100vh;aspect-ratio:unset;\"><img loading=\"lazy\" decoding=\"async\" width=\"1024\" height=\"683\" class=\"wp-block-cover__image-background wp-image-11 size-large\" alt=\"\" src=\"https:\/\/somahauta.fi\/wp-content\/uploads\/2026\/04\/Etusivun-tausta-1024x683.jpg\" data-object-fit=\"cover\" srcset=\"https:\/\/somahauta.fi\/wp-content\/uploads\/2026\/04\/Etusivun-tausta-1024x683.jpg 1024w, https:\/\/somahauta.fi\/wp-content\/uploads\/2026\/04\/Etusivun-tausta-300x200.jpg 300w, https:\/\/somahauta.fi\/wp-content\/uploads\/2026\/04\/Etusivun-tausta-768x512.jpg 768w, https:\/\/somahauta.fi\/wp-content\/uploads\/2026\/04\/Etusivun-tausta-1536x1024.jpg 1536w, https:\/\/somahauta.fi\/wp-content\/uploads\/2026\/04\/Etusivun-tausta-2048x1365.jpg 2048w\" sizes=\"auto, (max-width: 1024px) 100vw, 1024px\" \/><span aria-hidden=\"true\" class=\"wp-block-cover__background has-background-dim-80 has-background-dim\" style=\"background-color:#304038\"><\/span><div class=\"wp-block-cover__inner-container is-layout-constrained wp-block-cover-is-layout-constrained\">\n<h1 class=\"wp-block-heading has-text-align-center has-ast-global-color-4-color has-text-color has-link-color wp-elements-7cb0e71f83fcc17d266ebddebc5e7740\">Somahauta<\/h1>\n\n\n\n<p class=\"has-text-align-center has-ast-global-color-4-color has-text-color has-link-color wp-elements-72db6255853274018f57005bf7b866d7\" style=\"margin-top:15px;margin-bottom:15px;font-size:25px\">Hautojen hoitoa sinun toiveidesi ja tarpeidesi mukaan.<\/p>\n\n\n\n<p class=\"has-text-align-center has-ast-global-color-4-color has-text-color has-link-color wp-elements-f272b2f822435d1a167d86671aea877e\" style=\"margin-top:15px;margin-bottom:15px;font-size:25px\">Toimimme P\u00e4ij\u00e4t-H\u00e4meen alueella.<\/p>\n\n\n\n<div class=\"wp-block-buttons is-content-justification-center is-layout-flex wp-container-core-buttons-is-layout-a89b3969 wp-block-buttons-is-layout-flex\">\n<div class=\"wp-block-button\"><a class=\"wp-block-button__link wp-element-button\" href=\"https:\/\/somahauta.fi\/?page_id=26\">Ota yhteytt\u00e4<\/a><\/div>\n\n\n\n<div class=\"wp-block-button\"><a class=\"wp-block-button__link wp-element-button\" href=\"https:\/\/somahauta.fi\/?page_id=24\">Tee tarjouspyynt\u00f6<\/a><\/div>\n<\/div>\n<\/div><\/div>\n\n\n\n<p><\/p>\n","protected":false},"excerpt":{"rendered":"","protected":false},"author":1,"featured_media":0,"parent":0,"menu_order":0,"comment_status":"closed","ping_status":"closed","template":"","meta":{"site-sidebar-layout":"default","site-content-layout":"","ast-site-content-layout":"default","site-content-style":"default","site-sidebar-style":"default","ast-global-header-display":"","ast-banner-title-visibility":"","ast-main-header-display":"","ast-hfb-above-header-display":"","ast-hfb-below-header-display":"","ast-hfb-mobile-header-display":"","site-post-title":"disabled","ast-breadcrumbs-content":"","ast-featured-img":"","footer-sml-layout":"","ast-disable-related-posts":"","theme-transparent-header-meta":"","adv-header-id-meta":"","stick-header-meta":"","header-above-stick-meta":"","header-main-stick-meta":"","header-below-stick-meta":"","astra-migrate-meta-layouts":"default","ast-page-background-enabled":"default","ast-page-background-meta":{"desktop":{"background-color":"var(--ast-global-color-5)","background-image":"","background-repeat":"repeat","background-position":"center center","background-size":"auto","background-attachment":"scroll","background-type":"","background-media":"","overlay-type":"","overlay-color":"","overlay-opacity":"","overlay-gradient":""},"tablet":{"background-color":"","background-image":"","background-repeat":"repeat","background-position":"center center","background-size":"auto","background-attachment":"scroll","background-type":"","background-media":"","overlay-type":"","overlay-color":"","overlay-opacity":"","overlay-gradient":""},"mobile":{"background-color":"","background-image":"","background-repeat":"repeat","background-position":"center center","background-size":"auto","background-attachment":"scroll","background-type":"","background-media":"","overlay-type":"","overlay-color":"","overlay-opacity":"","overlay-gradient":""}},"ast-content-background-meta":{"desktop":{"background-color":"var(--ast-global-color-4)","background-image":"","background-repeat":"repeat","background-position":"center center","background-size":"auto","background-attachment":"scroll","background-type":"","background-media":"","overlay-type":"","overlay-color":"","overlay-opacity":"","overlay-gradient":""},"tablet":{"background-color":"var(--ast-global-color-4)","background-image":"","background-repeat":"repeat","background-position":"center center","background-size":"auto","background-attachment":"scroll","background-type":"","background-media":"","overlay-type":"","overlay-color":"","overlay-opacity":"","overlay-gradient":""},"mobile":{"background-color":"var(--ast-global-color-4)","background-image":"","background-repeat":"repeat","background-position":"center center","background-size":"auto","background-attachment":"scroll","background-type":"","background-media":"","overlay-type":"","overlay-color":"","overlay-opacity":"","overlay-gradient":""}},"footnotes":""},"class_list":["post-9","page","type-page","status-publish","hentry"],"yoast_head":"<!-- This site is optimized with the Yoast SEO plugin v27.4 - https:\/\/yoast.com\/product\/yoast-seo-wordpress\/ -->\n<title>Etusivu -<\/title>\n<meta name=\"description\" content=\"Hautojen hoitoa sinun toiveidesi ja tarpeidesi mukaan. Toimimme P\u00e4ij\u00e4t-H\u00e4meen alueella.\" \/>\n<meta name=\"robots\" content=\"index, follow, max-snippet:-1, max-image-preview:large, max-video-preview:-1\" \/>\n<link rel=\"canonical\" href=\"https:\/\/somahauta.fi\/\" \/>\n<meta property=\"og:locale\" content=\"fi_FI\" \/>\n<meta property=\"og:type\" content=\"article\" \/>\n<meta property=\"og:title\" content=\"Etusivu -\" \/>\n<meta property=\"og:description\" content=\"Hautojen hoitoa sinun toiveidesi ja tarpeidesi mukaan. Toimimme P\u00e4ij\u00e4t-H\u00e4meen alueella.\" \/>\n<meta property=\"og:url\" content=\"https:\/\/somahauta.fi\/\" \/>\n<meta property=\"article:modified_time\" content=\"2026-04-23T06:35:44+00:00\" \/>\n<meta property=\"og:image\" content=\"https:\/\/somahauta.fi\/wp-content\/uploads\/2026\/04\/Etusivun-tausta-scaled.jpg\" \/>\n\t<meta property=\"og:image:width\" content=\"2560\" \/>\n\t<meta property=\"og:image:height\" content=\"1707\" \/>\n\t<meta property=\"og:image:type\" content=\"image\/jpeg\" \/>\n<meta name=\"twitter:card\" content=\"summary_large_image\" \/>\n<meta name=\"twitter:label1\" content=\"Arvioitu lukuaika\" \/>\n\t<meta name=\"twitter:data1\" content=\"1 minuutti\" \/>\n<script type=\"application\/ld+json\" class=\"yoast-schema-graph\">{\"@context\":\"https:\\\/\\\/schema.org\",\"@graph\":[{\"@type\":\"WebPage\",\"@id\":\"https:\\\/\\\/somahauta.fi\\\/\",\"url\":\"https:\\\/\\\/somahauta.fi\\\/\",\"name\":\"Etusivu -\",\"isPartOf\":{\"@id\":\"https:\\\/\\\/somahauta.fi\\\/#website\"},\"primaryImageOfPage\":{\"@id\":\"https:\\\/\\\/somahauta.fi\\\/#primaryimage\"},\"image\":{\"@id\":\"https:\\\/\\\/somahauta.fi\\\/#primaryimage\"},\"thumbnailUrl\":\"https:\\\/\\\/somahauta.fi\\\/wp-content\\\/uploads\\\/2026\\\/04\\\/Etusivun-tausta-1024x683.jpg\",\"datePublished\":\"2026-04-21T16:47:48+00:00\",\"dateModified\":\"2026-04-23T06:35:44+00:00\",\"description\":\"Hautojen hoitoa sinun toiveidesi ja tarpeidesi mukaan. Toimimme P\u00e4ij\u00e4t-H\u00e4meen alueella.\",\"breadcrumb\":{\"@id\":\"https:\\\/\\\/somahauta.fi\\\/#breadcrumb\"},\"inLanguage\":\"fi\",\"potentialAction\":[{\"@type\":\"ReadAction\",\"target\":[\"https:\\\/\\\/somahauta.fi\\\/\"]}]},{\"@type\":\"ImageObject\",\"inLanguage\":\"fi\",\"@id\":\"https:\\\/\\\/somahauta.fi\\\/#primaryimage\",\"url\":\"https:\\\/\\\/somahauta.fi\\\/wp-content\\\/uploads\\\/2026\\\/04\\\/Etusivun-tausta-scaled.jpg\",\"contentUrl\":\"https:\\\/\\\/somahauta.fi\\\/wp-content\\\/uploads\\\/2026\\\/04\\\/Etusivun-tausta-scaled.jpg\",\"width\":2560,\"height\":1707},{\"@type\":\"BreadcrumbList\",\"@id\":\"https:\\\/\\\/somahauta.fi\\\/#breadcrumb\",\"itemListElement\":[{\"@type\":\"ListItem\",\"position\":1,\"name\":\"Etusivu\",\"item\":\"https:\\\/\\\/somahauta.fi\\\/\"},{\"@type\":\"ListItem\",\"position\":2,\"name\":\"Etusivu\"}]},{\"@type\":\"WebSite\",\"@id\":\"https:\\\/\\\/somahauta.fi\\\/#website\",\"url\":\"https:\\\/\\\/somahauta.fi\\\/\",\"name\":\"Somahauta\",\"description\":\"\",\"publisher\":{\"@id\":\"https:\\\/\\\/somahauta.fi\\\/#organization\"},\"potentialAction\":[{\"@type\":\"SearchAction\",\"target\":{\"@type\":\"EntryPoint\",\"urlTemplate\":\"https:\\\/\\\/somahauta.fi\\\/?s={search_term_string}\"},\"query-input\":{\"@type\":\"PropertyValueSpecification\",\"valueRequired\":true,\"valueName\":\"search_term_string\"}}],\"inLanguage\":\"fi\"},{\"@type\":\"Organization\",\"@id\":\"https:\\\/\\\/somahauta.fi\\\/#organization\",\"name\":\"Somahauta\",\"url\":\"https:\\\/\\\/somahauta.fi\\\/\",\"logo\":{\"@type\":\"ImageObject\",\"inLanguage\":\"fi\",\"@id\":\"https:\\\/\\\/somahauta.fi\\\/#\\\/schema\\\/logo\\\/image\\\/\",\"url\":\"https:\\\/\\\/somahauta.fi\\\/wp-content\\\/uploads\\\/2026\\\/04\\\/somahauta_fin-scaled.png\",\"contentUrl\":\"https:\\\/\\\/somahauta.fi\\\/wp-content\\\/uploads\\\/2026\\\/04\\\/somahauta_fin-scaled.png\",\"width\":2560,\"height\":1280,\"caption\":\"Somahauta\"},\"image\":{\"@id\":\"https:\\\/\\\/somahauta.fi\\\/#\\\/schema\\\/logo\\\/image\\\/\"}}]}<\/script>\n<!-- \/ Yoast SEO plugin. -->","yoast_head_json":{"title":"Etusivu -","description":"Hautojen hoitoa sinun toiveidesi ja tarpeidesi mukaan. Toimimme P\u00e4ij\u00e4t-H\u00e4meen alueella.","robots":{"index":"index","follow":"follow","max-snippet":"max-snippet:-1","max-image-preview":"max-image-preview:large","max-video-preview":"max-video-preview:-1"},"canonical":"https:\/\/somahauta.fi\/","og_locale":"fi_FI","og_type":"article","og_title":"Etusivu -","og_description":"Hautojen hoitoa sinun toiveidesi ja tarpeidesi mukaan. Toimimme P\u00e4ij\u00e4t-H\u00e4meen alueella.","og_url":"https:\/\/somahauta.fi\/","article_modified_time":"2026-04-23T06:35:44+00:00","og_image":[{"width":2560,"height":1707,"url":"https:\/\/somahauta.fi\/wp-content\/uploads\/2026\/04\/Etusivun-tausta-scaled.jpg","type":"image\/jpeg"}],"twitter_card":"summary_large_image","twitter_misc":{"Arvioitu lukuaika":"1 minuutti"},"schema":{"@context":"https:\/\/schema.org","@graph":[{"@type":"WebPage","@id":"https:\/\/somahauta.fi\/","url":"https:\/\/somahauta.fi\/","name":"Etusivu -","isPartOf":{"@id":"https:\/\/somahauta.fi\/#website"},"primaryImageOfPage":{"@id":"https:\/\/somahauta.fi\/#primaryimage"},"image":{"@id":"https:\/\/somahauta.fi\/#primaryimage"},"thumbnailUrl":"https:\/\/somahauta.fi\/wp-content\/uploads\/2026\/04\/Etusivun-tausta-1024x683.jpg","datePublished":"2026-04-21T16:47:48+00:00","dateModified":"2026-04-23T06:35:44+00:00","description":"Hautojen hoitoa sinun toiveidesi ja tarpeidesi mukaan. Toimimme P\u00e4ij\u00e4t-H\u00e4meen alueella.","breadcrumb":{"@id":"https:\/\/somahauta.fi\/#breadcrumb"},"inLanguage":"fi","potentialAction":[{"@type":"ReadAction","target":["https:\/\/somahauta.fi\/"]}]},{"@type":"ImageObject","inLanguage":"fi","@id":"https:\/\/somahauta.fi\/#primaryimage","url":"https:\/\/somahauta.fi\/wp-content\/uploads\/2026\/04\/Etusivun-tausta-scaled.jpg","contentUrl":"https:\/\/somahauta.fi\/wp-content\/uploads\/2026\/04\/Etusivun-tausta-scaled.jpg","width":2560,"height":1707},{"@type":"BreadcrumbList","@id":"https:\/\/somahauta.fi\/#breadcrumb","itemListElement":[{"@type":"ListItem","position":1,"name":"Etusivu","item":"https:\/\/somahauta.fi\/"},{"@type":"ListItem","position":2,"name":"Etusivu"}]},{"@type":"WebSite","@id":"https:\/\/somahauta.fi\/#website","url":"https:\/\/somahauta.fi\/","name":"Somahauta","description":"","publisher":{"@id":"https:\/\/somahauta.fi\/#organization"},"potentialAction":[{"@type":"SearchAction","target":{"@type":"EntryPoint","urlTemplate":"https:\/\/somahauta.fi\/?s={search_term_string}"},"query-input":{"@type":"PropertyValueSpecification","valueRequired":true,"valueName":"search_term_string"}}],"inLanguage":"fi"},{"@type":"Organization","@id":"https:\/\/somahauta.fi\/#organization","name":"Somahauta","url":"https:\/\/somahauta.fi\/","logo":{"@type":"ImageObject","inLanguage":"fi","@id":"https:\/\/somahauta.fi\/#\/schema\/logo\/image\/","url":"https:\/\/somahauta.fi\/wp-content\/uploads\/2026\/04\/somahauta_fin-scaled.png","contentUrl":"https:\/\/somahauta.fi\/wp-content\/uploads\/2026\/04\/somahauta_fin-scaled.png","width":2560,"height":1280,"caption":"Somahauta"},"image":{"@id":"https:\/\/somahauta.fi\/#\/schema\/logo\/image\/"}}]}},"_links":{"self":[{"href":"https:\/\/somahauta.fi\/index.php?rest_route=\/wp\/v2\/pages\/9","targetHints":{"allow":["GET"]}}],"collection":[{"href":"https:\/\/somahauta.fi\/index.php?rest_route=\/wp\/v2\/pages"}],"about":[{"href":"https:\/\/somahauta.fi\/index.php?rest_route=\/wp\/v2\/types\/page"}],"author":[{"embeddable":true,"href":"https:\/\/somahauta.fi\/index.php?rest_route=\/wp\/v2\/users\/1"}],"replies":[{"embeddable":true,"href":"https:\/\/somahauta.fi\/index.php?rest_route=%2Fwp%2Fv2%2Fcomments&post=9"}],"version-history":[{"count":4,"href":"https:\/\/somahauta.fi\/index.php?rest_route=\/wp\/v2\/pages\/9\/revisions"}],"predecessor-version":[{"id":87,"href":"https:\/\/somahauta.fi\/index.php?rest_route=\/wp\/v2\/pages\/9\/revisions\/87"}],"wp:attachment":[{"href":"https:\/\/somahauta.fi\/index.php?rest_route=%2Fwp%2Fv2%2Fmedia&parent=9"}],"curies":[{"name":"wp","href":"https:\/\/api.w.org\/{rel}","templated":true}]}}