{"id":30,"date":"2026-04-21T16:48:11","date_gmt":"2026-04-21T16:48:11","guid":{"rendered":"https:\/\/somahauta.fi\/?page_id=30"},"modified":"2026-04-23T06:36:26","modified_gmt":"2026-04-23T06:36:26","slug":"yritys","status":"publish","type":"page","link":"https:\/\/somahauta.fi\/?page_id=30","title":{"rendered":"Yritys"},"content":{"rendered":"\n<h1 class=\"wp-block-heading has-text-align-center has-text-color has-link-color wp-elements-1ecee7d7011d3c434525e0b4fadb2309\" style=\"color:#597566;padding-top:var(--wp--preset--spacing--50);padding-bottom:var(--wp--preset--spacing--50);font-size:30px\">Tietoa meist\u00e4<\/h1>\n\n\n\n<div class=\"wp-block-columns has-background is-layout-flex wp-container-core-columns-is-layout-45c10ec9 wp-block-columns-is-layout-flex\" style=\"background-color:#597566;margin-top:var(--wp--preset--spacing--60);margin-bottom:var(--wp--preset--spacing--60)\">\n<div class=\"wp-block-column is-layout-flow wp-block-column-is-layout-flow\">\n<figure class=\"wp-block-image aligncenter size-large\"><img loading=\"lazy\" decoding=\"async\" width=\"1024\" height=\"768\" src=\"https:\/\/somahauta.fi\/wp-content\/uploads\/2026\/04\/Yritys-2-1024x768.jpg\" alt=\"\" class=\"wp-image-54\" style=\"aspect-ratio:1;object-fit:cover\" srcset=\"https:\/\/somahauta.fi\/wp-content\/uploads\/2026\/04\/Yritys-2-1024x768.jpg 1024w, https:\/\/somahauta.fi\/wp-content\/uploads\/2026\/04\/Yritys-2-300x225.jpg 300w, https:\/\/somahauta.fi\/wp-content\/uploads\/2026\/04\/Yritys-2-768x576.jpg 768w, https:\/\/somahauta.fi\/wp-content\/uploads\/2026\/04\/Yritys-2-1536x1152.jpg 1536w, https:\/\/somahauta.fi\/wp-content\/uploads\/2026\/04\/Yritys-2-2048x1536.jpg 2048w\" sizes=\"auto, (max-width: 1024px) 100vw, 1024px\" \/><\/figure>\n<\/div>\n\n\n\n<div class=\"wp-block-column is-layout-flow wp-block-column-is-layout-flow\">\n<h2 class=\"wp-block-heading has-text-align-center has-ast-global-color-4-color has-text-color has-link-color wp-elements-e88fe566448ca2cec0cae8761349f6b3\">Somahauta<\/h2>\n\n\n\n<p class=\"has-ast-global-color-4-color has-text-color has-link-color has-medium-font-size wp-elements-c8141f3a00992392450bb3766d0a670f\" style=\"margin-top:15px;margin-bottom:15px;line-height:1.5\">Hautojen hoitoa P\u00e4ij\u00e4t-H\u00e4meen alueella.<\/p>\n\n\n\n<p class=\"has-ast-global-color-4-color has-text-color has-link-color has-medium-font-size wp-elements-79e01b49181ac7aa89b9f87b1f58fff8\" style=\"margin-top:15px;margin-bottom:15px;line-height:1.5\">Me uskomme, ett\u00e4 jokaisella on oikeus omaan tapaansa muistaa l\u00e4heisi\u00e4\u00e4n, ilman rasitetta tai ajank\u00e4yt\u00f6n paineita. T\u00e4m\u00e4n vuoksi toteutamme palveluitamme asiakkaamme tarpeita kuunnellen. <\/p>\n\n\n\n<p class=\"has-ast-global-color-4-color has-text-color has-link-color has-medium-font-size wp-elements-a952a24c319087061b0223022bfe7079\" style=\"margin-top:15px;margin-bottom:15px;line-height:1.5\">P\u00e4\u00e4set vaikuttamaan palvelukokonaisuuteen valinnoillasi, joita me tuemme ammattitaitoisella osaamisellamme. Yhdess\u00e4 voimme s\u00e4ilytt\u00e4\u00e4 muistot arvokkaina ja kauniina.<\/p>\n\n\n\n<p class=\"has-ast-global-color-4-color has-text-color has-link-color has-medium-font-size wp-elements-558242da1822305a2b857696cf9ff794\" style=\"margin-top:15px;margin-bottom:15px;line-height:1.5\">Salli itsellesi aikaa ja voimia, ja anna meid\u00e4n auttaa.<\/p>\n\n\n\n<div class=\"wp-block-buttons is-content-justification-center is-layout-flex wp-container-core-buttons-is-layout-a89b3969 wp-block-buttons-is-layout-flex\">\n<div class=\"wp-block-button is-style-outline is-style-outline--1\"><a class=\"wp-block-button__link wp-element-button\" href=\"https:\/\/somahauta.fi\/?page_id=26\">Ota yhteytt\u00e4<\/a><\/div>\n\n\n\n<div class=\"wp-block-button is-style-outline is-style-outline--2\"><a class=\"wp-block-button__link wp-element-button\" href=\"https:\/\/somahauta.fi\/?page_id=24\">Tee tarjouspyynt\u00f6<\/a><\/div>\n<\/div>\n<\/div>\n<\/div>\n\n\n\n<p><\/p>\n","protected":false},"excerpt":{"rendered":"<p>Tietoa meist\u00e4 Somahauta Hautojen hoitoa P\u00e4ij\u00e4t-H\u00e4meen alueella. Me uskomme, ett\u00e4 jokaisella on oikeus omaan tapaansa muistaa l\u00e4heisi\u00e4\u00e4n, ilman rasitetta tai [&hellip;]<\/p>\n","protected":false},"author":1,"featured_media":0,"parent":0,"menu_order":0,"comment_status":"closed","ping_status":"closed","template":"","meta":{"site-sidebar-layout":"default","site-content-layout":"","ast-site-content-layout":"default","site-content-style":"default","site-sidebar-style":"default","ast-global-header-display":"","ast-banner-title-visibility":"","ast-main-header-display":"","ast-hfb-above-header-display":"","ast-hfb-below-header-display":"","ast-hfb-mobile-header-display":"","site-post-title":"disabled","ast-breadcrumbs-content":"","ast-featured-img":"","footer-sml-layout":"","ast-disable-related-posts":"","theme-transparent-header-meta":"","adv-header-id-meta":"","stick-header-meta":"","header-above-stick-meta":"","header-main-stick-meta":"","header-below-stick-meta":"","astra-migrate-meta-layouts":"default","ast-page-background-enabled":"default","ast-page-background-meta":{"desktop":{"background-color":"var(--ast-global-color-5)","background-image":"","background-repeat":"repeat","background-position":"center center","background-size":"auto","background-attachment":"scroll","background-type":"","background-media":"","overlay-type":"","overlay-color":"","overlay-opacity":"","overlay-gradient":""},"tablet":{"background-color":"","background-image":"","background-repeat":"repeat","background-position":"center center","background-size":"auto","background-attachment":"scroll","background-type":"","background-media":"","overlay-type":"","overlay-color":"","overlay-opacity":"","overlay-gradient":""},"mobile":{"background-color":"","background-image":"","background-repeat":"repeat","background-position":"center center","background-size":"auto","background-attachment":"scroll","background-type":"","background-media":"","overlay-type":"","overlay-color":"","overlay-opacity":"","overlay-gradient":""}},"ast-content-background-meta":{"desktop":{"background-color":"var(--ast-global-color-4)","background-image":"","background-repeat":"repeat","background-position":"center center","background-size":"auto","background-attachment":"scroll","background-type":"","background-media":"","overlay-type":"","overlay-color":"","overlay-opacity":"","overlay-gradient":""},"tablet":{"background-color":"var(--ast-global-color-4)","background-image":"","background-repeat":"repeat","background-position":"center center","background-size":"auto","background-attachment":"scroll","background-type":"","background-media":"","overlay-type":"","overlay-color":"","overlay-opacity":"","overlay-gradient":""},"mobile":{"background-color":"var(--ast-global-color-4)","background-image":"","background-repeat":"repeat","background-position":"center center","background-size":"auto","background-attachment":"scroll","background-type":"","background-media":"","overlay-type":"","overlay-color":"","overlay-opacity":"","overlay-gradient":""}},"footnotes":""},"class_list":["post-30","page","type-page","status-publish","hentry"],"yoast_head":"<!-- This site is optimized with the Yoast SEO plugin v27.4 - https:\/\/yoast.com\/product\/yoast-seo-wordpress\/ -->\n<title>Yritys -<\/title>\n<meta name=\"description\" content=\"Tarjoamme hautojen hoitopalveluita P\u00e4ij\u00e4t-H\u00e4meen alueella. Voit vaikuttaa palvelukokonaisuuteen omilla valinnoillasi.\" \/>\n<meta name=\"robots\" content=\"index, follow, max-snippet:-1, max-image-preview:large, max-video-preview:-1\" \/>\n<link rel=\"canonical\" href=\"https:\/\/somahauta.fi\/?page_id=30\" \/>\n<meta property=\"og:locale\" content=\"fi_FI\" \/>\n<meta property=\"og:type\" content=\"article\" \/>\n<meta property=\"og:title\" content=\"Yritys -\" \/>\n<meta property=\"og:description\" content=\"Tarjoamme hautojen hoitopalveluita P\u00e4ij\u00e4t-H\u00e4meen alueella. Voit vaikuttaa palvelukokonaisuuteen omilla valinnoillasi.\" \/>\n<meta property=\"og:url\" content=\"https:\/\/somahauta.fi\/?page_id=30\" \/>\n<meta property=\"article:modified_time\" content=\"2026-04-23T06:36:26+00:00\" \/>\n<meta property=\"og:image\" content=\"https:\/\/somahauta.fi\/wp-content\/uploads\/2026\/04\/Yritys-2-scaled.jpg\" \/>\n\t<meta property=\"og:image:width\" content=\"2560\" \/>\n\t<meta property=\"og:image:height\" content=\"1920\" \/>\n\t<meta property=\"og:image:type\" content=\"image\/jpeg\" \/>\n<meta name=\"twitter:card\" content=\"summary_large_image\" \/>\n<meta name=\"twitter:label1\" content=\"Arvioitu lukuaika\" \/>\n\t<meta name=\"twitter:data1\" content=\"1 minuutti\" \/>\n<script type=\"application\/ld+json\" class=\"yoast-schema-graph\">{\"@context\":\"https:\\\/\\\/schema.org\",\"@graph\":[{\"@type\":\"WebPage\",\"@id\":\"https:\\\/\\\/somahauta.fi\\\/?page_id=30\",\"url\":\"https:\\\/\\\/somahauta.fi\\\/?page_id=30\",\"name\":\"Yritys -\",\"isPartOf\":{\"@id\":\"https:\\\/\\\/somahauta.fi\\\/#website\"},\"primaryImageOfPage\":{\"@id\":\"https:\\\/\\\/somahauta.fi\\\/?page_id=30#primaryimage\"},\"image\":{\"@id\":\"https:\\\/\\\/somahauta.fi\\\/?page_id=30#primaryimage\"},\"thumbnailUrl\":\"https:\\\/\\\/somahauta.fi\\\/wp-content\\\/uploads\\\/2026\\\/04\\\/Yritys-2-1024x768.jpg\",\"datePublished\":\"2026-04-21T16:48:11+00:00\",\"dateModified\":\"2026-04-23T06:36:26+00:00\",\"description\":\"Tarjoamme hautojen hoitopalveluita P\u00e4ij\u00e4t-H\u00e4meen alueella. Voit vaikuttaa palvelukokonaisuuteen omilla valinnoillasi.\",\"breadcrumb\":{\"@id\":\"https:\\\/\\\/somahauta.fi\\\/?page_id=30#breadcrumb\"},\"inLanguage\":\"fi\",\"potentialAction\":[{\"@type\":\"ReadAction\",\"target\":[\"https:\\\/\\\/somahauta.fi\\\/?page_id=30\"]}]},{\"@type\":\"ImageObject\",\"inLanguage\":\"fi\",\"@id\":\"https:\\\/\\\/somahauta.fi\\\/?page_id=30#primaryimage\",\"url\":\"https:\\\/\\\/somahauta.fi\\\/wp-content\\\/uploads\\\/2026\\\/04\\\/Yritys-2-scaled.jpg\",\"contentUrl\":\"https:\\\/\\\/somahauta.fi\\\/wp-content\\\/uploads\\\/2026\\\/04\\\/Yritys-2-scaled.jpg\",\"width\":2560,\"height\":1920},{\"@type\":\"BreadcrumbList\",\"@id\":\"https:\\\/\\\/somahauta.fi\\\/?page_id=30#breadcrumb\",\"itemListElement\":[{\"@type\":\"ListItem\",\"position\":1,\"name\":\"Etusivu\",\"item\":\"https:\\\/\\\/somahauta.fi\\\/\"},{\"@type\":\"ListItem\",\"position\":2,\"name\":\"Yritys\"}]},{\"@type\":\"WebSite\",\"@id\":\"https:\\\/\\\/somahauta.fi\\\/#website\",\"url\":\"https:\\\/\\\/somahauta.fi\\\/\",\"name\":\"Somahauta\",\"description\":\"\",\"publisher\":{\"@id\":\"https:\\\/\\\/somahauta.fi\\\/#organization\"},\"potentialAction\":[{\"@type\":\"SearchAction\",\"target\":{\"@type\":\"EntryPoint\",\"urlTemplate\":\"https:\\\/\\\/somahauta.fi\\\/?s={search_term_string}\"},\"query-input\":{\"@type\":\"PropertyValueSpecification\",\"valueRequired\":true,\"valueName\":\"search_term_string\"}}],\"inLanguage\":\"fi\"},{\"@type\":\"Organization\",\"@id\":\"https:\\\/\\\/somahauta.fi\\\/#organization\",\"name\":\"Somahauta\",\"url\":\"https:\\\/\\\/somahauta.fi\\\/\",\"logo\":{\"@type\":\"ImageObject\",\"inLanguage\":\"fi\",\"@id\":\"https:\\\/\\\/somahauta.fi\\\/#\\\/schema\\\/logo\\\/image\\\/\",\"url\":\"https:\\\/\\\/somahauta.fi\\\/wp-content\\\/uploads\\\/2026\\\/04\\\/somahauta_fin-scaled.png\",\"contentUrl\":\"https:\\\/\\\/somahauta.fi\\\/wp-content\\\/uploads\\\/2026\\\/04\\\/somahauta_fin-scaled.png\",\"width\":2560,\"height\":1280,\"caption\":\"Somahauta\"},\"image\":{\"@id\":\"https:\\\/\\\/somahauta.fi\\\/#\\\/schema\\\/logo\\\/image\\\/\"}}]}<\/script>\n<!-- \/ Yoast SEO plugin. -->","yoast_head_json":{"title":"Yritys -","description":"Tarjoamme hautojen hoitopalveluita P\u00e4ij\u00e4t-H\u00e4meen alueella. Voit vaikuttaa palvelukokonaisuuteen omilla valinnoillasi.","robots":{"index":"index","follow":"follow","max-snippet":"max-snippet:-1","max-image-preview":"max-image-preview:large","max-video-preview":"max-video-preview:-1"},"canonical":"https:\/\/somahauta.fi\/?page_id=30","og_locale":"fi_FI","og_type":"article","og_title":"Yritys -","og_description":"Tarjoamme hautojen hoitopalveluita P\u00e4ij\u00e4t-H\u00e4meen alueella. Voit vaikuttaa palvelukokonaisuuteen omilla valinnoillasi.","og_url":"https:\/\/somahauta.fi\/?page_id=30","article_modified_time":"2026-04-23T06:36:26+00:00","og_image":[{"width":2560,"height":1920,"url":"https:\/\/somahauta.fi\/wp-content\/uploads\/2026\/04\/Yritys-2-scaled.jpg","type":"image\/jpeg"}],"twitter_card":"summary_large_image","twitter_misc":{"Arvioitu lukuaika":"1 minuutti"},"schema":{"@context":"https:\/\/schema.org","@graph":[{"@type":"WebPage","@id":"https:\/\/somahauta.fi\/?page_id=30","url":"https:\/\/somahauta.fi\/?page_id=30","name":"Yritys -","isPartOf":{"@id":"https:\/\/somahauta.fi\/#website"},"primaryImageOfPage":{"@id":"https:\/\/somahauta.fi\/?page_id=30#primaryimage"},"image":{"@id":"https:\/\/somahauta.fi\/?page_id=30#primaryimage"},"thumbnailUrl":"https:\/\/somahauta.fi\/wp-content\/uploads\/2026\/04\/Yritys-2-1024x768.jpg","datePublished":"2026-04-21T16:48:11+00:00","dateModified":"2026-04-23T06:36:26+00:00","description":"Tarjoamme hautojen hoitopalveluita P\u00e4ij\u00e4t-H\u00e4meen alueella. Voit vaikuttaa palvelukokonaisuuteen omilla valinnoillasi.","breadcrumb":{"@id":"https:\/\/somahauta.fi\/?page_id=30#breadcrumb"},"inLanguage":"fi","potentialAction":[{"@type":"ReadAction","target":["https:\/\/somahauta.fi\/?page_id=30"]}]},{"@type":"ImageObject","inLanguage":"fi","@id":"https:\/\/somahauta.fi\/?page_id=30#primaryimage","url":"https:\/\/somahauta.fi\/wp-content\/uploads\/2026\/04\/Yritys-2-scaled.jpg","contentUrl":"https:\/\/somahauta.fi\/wp-content\/uploads\/2026\/04\/Yritys-2-scaled.jpg","width":2560,"height":1920},{"@type":"BreadcrumbList","@id":"https:\/\/somahauta.fi\/?page_id=30#breadcrumb","itemListElement":[{"@type":"ListItem","position":1,"name":"Etusivu","item":"https:\/\/somahauta.fi\/"},{"@type":"ListItem","position":2,"name":"Yritys"}]},{"@type":"WebSite","@id":"https:\/\/somahauta.fi\/#website","url":"https:\/\/somahauta.fi\/","name":"Somahauta","description":"","publisher":{"@id":"https:\/\/somahauta.fi\/#organization"},"potentialAction":[{"@type":"SearchAction","target":{"@type":"EntryPoint","urlTemplate":"https:\/\/somahauta.fi\/?s={search_term_string}"},"query-input":{"@type":"PropertyValueSpecification","valueRequired":true,"valueName":"search_term_string"}}],"inLanguage":"fi"},{"@type":"Organization","@id":"https:\/\/somahauta.fi\/#organization","name":"Somahauta","url":"https:\/\/somahauta.fi\/","logo":{"@type":"ImageObject","inLanguage":"fi","@id":"https:\/\/somahauta.fi\/#\/schema\/logo\/image\/","url":"https:\/\/somahauta.fi\/wp-content\/uploads\/2026\/04\/somahauta_fin-scaled.png","contentUrl":"https:\/\/somahauta.fi\/wp-content\/uploads\/2026\/04\/somahauta_fin-scaled.png","width":2560,"height":1280,"caption":"Somahauta"},"image":{"@id":"https:\/\/somahauta.fi\/#\/schema\/logo\/image\/"}}]}},"_links":{"self":[{"href":"https:\/\/somahauta.fi\/index.php?rest_route=\/wp\/v2\/pages\/30","targetHints":{"allow":["GET"]}}],"collection":[{"href":"https:\/\/somahauta.fi\/index.php?rest_route=\/wp\/v2\/pages"}],"about":[{"href":"https:\/\/somahauta.fi\/index.php?rest_route=\/wp\/v2\/types\/page"}],"author":[{"embeddable":true,"href":"https:\/\/somahauta.fi\/index.php?rest_route=\/wp\/v2\/users\/1"}],"replies":[{"embeddable":true,"href":"https:\/\/somahauta.fi\/index.php?rest_route=%2Fwp%2Fv2%2Fcomments&post=30"}],"version-history":[{"count":10,"href":"https:\/\/somahauta.fi\/index.php?rest_route=\/wp\/v2\/pages\/30\/revisions"}],"predecessor-version":[{"id":88,"href":"https:\/\/somahauta.fi\/index.php?rest_route=\/wp\/v2\/pages\/30\/revisions\/88"}],"wp:attachment":[{"href":"https:\/\/somahauta.fi\/index.php?rest_route=%2Fwp%2Fv2%2Fmedia&parent=30"}],"curies":[{"name":"wp","href":"https:\/\/api.w.org\/{rel}","templated":true}]}}