{"id":26,"date":"2026-04-21T16:48:04","date_gmt":"2026-04-21T16:48:04","guid":{"rendered":"https:\/\/somahauta.fi\/?page_id=26"},"modified":"2026-04-23T06:34:41","modified_gmt":"2026-04-23T06:34:41","slug":"yhteystiedot","status":"publish","type":"page","link":"https:\/\/somahauta.fi\/?page_id=26","title":{"rendered":"Yhteystiedot"},"content":{"rendered":"\n<h1 class=\"wp-block-heading has-text-align-center has-text-color has-link-color wp-elements-61d206d3850f4b099514695236f131f1\" style=\"color:#597566;padding-top:var(--wp--preset--spacing--50);padding-bottom:var(--wp--preset--spacing--50);font-size:30px\">Yhteystiedot<\/h1>\n\n\n\n<div class=\"wp-block-columns is-layout-flex wp-container-core-columns-is-layout-28f84493 wp-block-columns-is-layout-flex\">\n<div class=\"wp-block-column is-layout-flow wp-block-column-is-layout-flow\">\n<h3 class=\"wp-block-heading\">Yhteystietomme<\/h3>\n\n\n\n<p><strong>S\u00e4hk\u00f6posti:<\/strong><\/p>\n\n\n\n<p><a href=\"mailto:info@somahauta.fi\">info@somahauta.fi<\/a><\/p>\n\n\n\n<p><strong>Puhelinnumero:<\/strong><\/p>\n\n\n\n<p><a href=\"tel:0406311548\">+358406311548<\/a><\/p>\n<\/div>\n\n\n\n<div class=\"wp-block-column is-layout-flow wp-block-column-is-layout-flow\">\n<h3 class=\"wp-block-heading\">Yhteydenottolomake<\/h3>\n\n\n\n<p>Voit ottaa meihin yhteytt\u00e4 my\u00f6s t\u00e4ytt\u00e4m\u00e4ll\u00e4 lomakkeen.<\/p>\n\n\n\n<div class=\"wpcf7 no-js\" id=\"wpcf7-f23-o1\" lang=\"fi\" dir=\"ltr\" data-wpcf7-id=\"23\">\n<div class=\"screen-reader-response\"><p role=\"status\" aria-live=\"polite\" aria-atomic=\"true\"><\/p> <ul><\/ul><\/div>\n<form action=\"\/index.php?rest_route=%2Fwp%2Fv2%2Fpages%2F26#wpcf7-f23-o1\" method=\"post\" class=\"wpcf7-form init\" aria-label=\"Yhteydenottolomake\" novalidate=\"novalidate\" data-status=\"init\">\n<fieldset class=\"hidden-fields-container\"><input type=\"hidden\" name=\"_wpcf7\" value=\"23\" \/><input type=\"hidden\" name=\"_wpcf7_version\" value=\"6.1.5\" \/><input type=\"hidden\" name=\"_wpcf7_locale\" value=\"fi\" \/><input type=\"hidden\" name=\"_wpcf7_unit_tag\" value=\"wpcf7-f23-o1\" \/><input type=\"hidden\" name=\"_wpcf7_container_post\" value=\"0\" \/><input type=\"hidden\" name=\"_wpcf7_posted_data_hash\" value=\"\" \/>\n<\/fieldset>\n<p><label> Nimi<br \/>\n<span class=\"wpcf7-form-control-wrap\" data-name=\"your-name\"><input size=\"40\" maxlength=\"400\" class=\"wpcf7-form-control wpcf7-text\" autocomplete=\"name\" aria-invalid=\"false\" value=\"\" type=\"text\" name=\"your-name\" \/><\/span> <\/label>\n<\/p>\n<p><label> S\u00e4hk\u00f6postiosoite<br \/>\n<span class=\"wpcf7-form-control-wrap\" data-name=\"your-email\"><input size=\"40\" maxlength=\"400\" class=\"wpcf7-form-control wpcf7-email wpcf7-text wpcf7-validates-as-email\" autocomplete=\"email\" aria-invalid=\"false\" value=\"\" type=\"email\" name=\"your-email\" \/><\/span> <\/label>\n<\/p>\n<p><label> Puhelinnumero<br \/>\n<span class=\"wpcf7-form-control-wrap\" data-name=\"tel-367\"><input size=\"40\" maxlength=\"400\" class=\"wpcf7-form-control wpcf7-tel wpcf7-text wpcf7-validates-as-tel\" aria-invalid=\"false\" value=\"\" type=\"tel\" name=\"tel-367\" \/><\/span> <\/label>\n<\/p>\n<p><label> Aihe<br \/>\n<span class=\"wpcf7-form-control-wrap\" data-name=\"your-subject\"><input size=\"40\" maxlength=\"400\" class=\"wpcf7-form-control wpcf7-text\" aria-invalid=\"false\" value=\"\" type=\"text\" name=\"your-subject\" \/><\/span> <\/label>\n<\/p>\n<p><label> Viestisi<br \/>\n<span class=\"wpcf7-form-control-wrap\" data-name=\"your-message\"><textarea cols=\"40\" rows=\"10\" maxlength=\"2000\" class=\"wpcf7-form-control wpcf7-textarea\" aria-invalid=\"false\" name=\"your-message\"><\/textarea><\/span> <\/label>\n<\/p>\n<p><input class=\"wpcf7-form-control wpcf7-submit has-spinner\" type=\"submit\" value=\"L\u00e4het\u00e4\" \/>\n<\/p><div class=\"wpcf7-response-output\" aria-hidden=\"true\"><\/div>\n<\/form>\n<\/div>\n\n<\/div>\n<\/div>\n","protected":false},"excerpt":{"rendered":"<p>Yhteystiedot Yhteystietomme S\u00e4hk\u00f6posti: info@somahauta.fi Puhelinnumero: +358406311548 Yhteydenottolomake Voit ottaa meihin yhteytt\u00e4 my\u00f6s t\u00e4ytt\u00e4m\u00e4ll\u00e4 lomakkeen.<\/p>\n","protected":false},"author":1,"featured_media":0,"parent":0,"menu_order":0,"comment_status":"closed","ping_status":"closed","template":"","meta":{"site-sidebar-layout":"default","site-content-layout":"","ast-site-content-layout":"default","site-content-style":"default","site-sidebar-style":"default","ast-global-header-display":"","ast-banner-title-visibility":"","ast-main-header-display":"","ast-hfb-above-header-display":"","ast-hfb-below-header-display":"","ast-hfb-mobile-header-display":"","site-post-title":"disabled","ast-breadcrumbs-content":"","ast-featured-img":"","footer-sml-layout":"","ast-disable-related-posts":"","theme-transparent-header-meta":"","adv-header-id-meta":"","stick-header-meta":"","header-above-stick-meta":"","header-main-stick-meta":"","header-below-stick-meta":"","astra-migrate-meta-layouts":"default","ast-page-background-enabled":"default","ast-page-background-meta":{"desktop":{"background-color":"var(--ast-global-color-5)","background-image":"","background-repeat":"repeat","background-position":"center center","background-size":"auto","background-attachment":"scroll","background-type":"","background-media":"","overlay-type":"","overlay-color":"","overlay-opacity":"","overlay-gradient":""},"tablet":{"background-color":"","background-image":"","background-repeat":"repeat","background-position":"center center","background-size":"auto","background-attachment":"scroll","background-type":"","background-media":"","overlay-type":"","overlay-color":"","overlay-opacity":"","overlay-gradient":""},"mobile":{"background-color":"","background-image":"","background-repeat":"repeat","background-position":"center center","background-size":"auto","background-attachment":"scroll","background-type":"","background-media":"","overlay-type":"","overlay-color":"","overlay-opacity":"","overlay-gradient":""}},"ast-content-background-meta":{"desktop":{"background-color":"var(--ast-global-color-4)","background-image":"","background-repeat":"repeat","background-position":"center center","background-size":"auto","background-attachment":"scroll","background-type":"","background-media":"","overlay-type":"","overlay-color":"","overlay-opacity":"","overlay-gradient":""},"tablet":{"background-color":"var(--ast-global-color-4)","background-image":"","background-repeat":"repeat","background-position":"center center","background-size":"auto","background-attachment":"scroll","background-type":"","background-media":"","overlay-type":"","overlay-color":"","overlay-opacity":"","overlay-gradient":""},"mobile":{"background-color":"var(--ast-global-color-4)","background-image":"","background-repeat":"repeat","background-position":"center center","background-size":"auto","background-attachment":"scroll","background-type":"","background-media":"","overlay-type":"","overlay-color":"","overlay-opacity":"","overlay-gradient":""}},"footnotes":""},"class_list":["post-26","page","type-page","status-publish","hentry"],"yoast_head":"<!-- This site is optimized with the Yoast SEO plugin v27.4 - https:\/\/yoast.com\/product\/yoast-seo-wordpress\/ -->\n<title>Yhteystiedot -<\/title>\n<meta name=\"description\" content=\"Yhteystietomme. S\u00e4hk\u00f6posti: info@somahauta.fi. Puhelinnumero: +358406311548. Voit ottaa meihin yhteytt\u00e4 my\u00f6s t\u00e4ytt\u00e4m\u00e4ll\u00e4 lomakkeen.\" \/>\n<meta name=\"robots\" content=\"index, follow, max-snippet:-1, max-image-preview:large, max-video-preview:-1\" \/>\n<link rel=\"canonical\" href=\"https:\/\/somahauta.fi\/?page_id=26\" \/>\n<meta property=\"og:locale\" content=\"fi_FI\" \/>\n<meta property=\"og:type\" content=\"article\" \/>\n<meta property=\"og:title\" content=\"Yhteystiedot -\" \/>\n<meta property=\"og:description\" content=\"Yhteystietomme. S\u00e4hk\u00f6posti: info@somahauta.fi. Puhelinnumero: +358406311548. Voit ottaa meihin yhteytt\u00e4 my\u00f6s t\u00e4ytt\u00e4m\u00e4ll\u00e4 lomakkeen.\" \/>\n<meta property=\"og:url\" content=\"https:\/\/somahauta.fi\/?page_id=26\" \/>\n<meta property=\"article:modified_time\" content=\"2026-04-23T06:34:41+00:00\" \/>\n<meta name=\"twitter:card\" content=\"summary_large_image\" \/>\n<meta name=\"twitter:label1\" content=\"Arvioitu lukuaika\" \/>\n\t<meta name=\"twitter:data1\" content=\"1 minuutti\" \/>\n<script type=\"application\/ld+json\" class=\"yoast-schema-graph\">{\"@context\":\"https:\\\/\\\/schema.org\",\"@graph\":[{\"@type\":\"WebPage\",\"@id\":\"https:\\\/\\\/somahauta.fi\\\/?page_id=26\",\"url\":\"https:\\\/\\\/somahauta.fi\\\/?page_id=26\",\"name\":\"Yhteystiedot -\",\"isPartOf\":{\"@id\":\"https:\\\/\\\/somahauta.fi\\\/#website\"},\"datePublished\":\"2026-04-21T16:48:04+00:00\",\"dateModified\":\"2026-04-23T06:34:41+00:00\",\"description\":\"Yhteystietomme. S\u00e4hk\u00f6posti: info@somahauta.fi. Puhelinnumero: +358406311548. Voit ottaa meihin yhteytt\u00e4 my\u00f6s t\u00e4ytt\u00e4m\u00e4ll\u00e4 lomakkeen.\",\"breadcrumb\":{\"@id\":\"https:\\\/\\\/somahauta.fi\\\/?page_id=26#breadcrumb\"},\"inLanguage\":\"fi\",\"potentialAction\":[{\"@type\":\"ReadAction\",\"target\":[\"https:\\\/\\\/somahauta.fi\\\/?page_id=26\"]}]},{\"@type\":\"BreadcrumbList\",\"@id\":\"https:\\\/\\\/somahauta.fi\\\/?page_id=26#breadcrumb\",\"itemListElement\":[{\"@type\":\"ListItem\",\"position\":1,\"name\":\"Etusivu\",\"item\":\"https:\\\/\\\/somahauta.fi\\\/\"},{\"@type\":\"ListItem\",\"position\":2,\"name\":\"Yhteystiedot\"}]},{\"@type\":\"WebSite\",\"@id\":\"https:\\\/\\\/somahauta.fi\\\/#website\",\"url\":\"https:\\\/\\\/somahauta.fi\\\/\",\"name\":\"Somahauta\",\"description\":\"\",\"publisher\":{\"@id\":\"https:\\\/\\\/somahauta.fi\\\/#organization\"},\"potentialAction\":[{\"@type\":\"SearchAction\",\"target\":{\"@type\":\"EntryPoint\",\"urlTemplate\":\"https:\\\/\\\/somahauta.fi\\\/?s={search_term_string}\"},\"query-input\":{\"@type\":\"PropertyValueSpecification\",\"valueRequired\":true,\"valueName\":\"search_term_string\"}}],\"inLanguage\":\"fi\"},{\"@type\":\"Organization\",\"@id\":\"https:\\\/\\\/somahauta.fi\\\/#organization\",\"name\":\"Somahauta\",\"url\":\"https:\\\/\\\/somahauta.fi\\\/\",\"logo\":{\"@type\":\"ImageObject\",\"inLanguage\":\"fi\",\"@id\":\"https:\\\/\\\/somahauta.fi\\\/#\\\/schema\\\/logo\\\/image\\\/\",\"url\":\"https:\\\/\\\/somahauta.fi\\\/wp-content\\\/uploads\\\/2026\\\/04\\\/somahauta_fin-scaled.png\",\"contentUrl\":\"https:\\\/\\\/somahauta.fi\\\/wp-content\\\/uploads\\\/2026\\\/04\\\/somahauta_fin-scaled.png\",\"width\":2560,\"height\":1280,\"caption\":\"Somahauta\"},\"image\":{\"@id\":\"https:\\\/\\\/somahauta.fi\\\/#\\\/schema\\\/logo\\\/image\\\/\"}}]}<\/script>\n<!-- \/ Yoast SEO plugin. -->","yoast_head_json":{"title":"Yhteystiedot -","description":"Yhteystietomme. S\u00e4hk\u00f6posti: info@somahauta.fi. Puhelinnumero: +358406311548. Voit ottaa meihin yhteytt\u00e4 my\u00f6s t\u00e4ytt\u00e4m\u00e4ll\u00e4 lomakkeen.","robots":{"index":"index","follow":"follow","max-snippet":"max-snippet:-1","max-image-preview":"max-image-preview:large","max-video-preview":"max-video-preview:-1"},"canonical":"https:\/\/somahauta.fi\/?page_id=26","og_locale":"fi_FI","og_type":"article","og_title":"Yhteystiedot -","og_description":"Yhteystietomme. S\u00e4hk\u00f6posti: info@somahauta.fi. Puhelinnumero: +358406311548. Voit ottaa meihin yhteytt\u00e4 my\u00f6s t\u00e4ytt\u00e4m\u00e4ll\u00e4 lomakkeen.","og_url":"https:\/\/somahauta.fi\/?page_id=26","article_modified_time":"2026-04-23T06:34:41+00:00","twitter_card":"summary_large_image","twitter_misc":{"Arvioitu lukuaika":"1 minuutti"},"schema":{"@context":"https:\/\/schema.org","@graph":[{"@type":"WebPage","@id":"https:\/\/somahauta.fi\/?page_id=26","url":"https:\/\/somahauta.fi\/?page_id=26","name":"Yhteystiedot -","isPartOf":{"@id":"https:\/\/somahauta.fi\/#website"},"datePublished":"2026-04-21T16:48:04+00:00","dateModified":"2026-04-23T06:34:41+00:00","description":"Yhteystietomme. S\u00e4hk\u00f6posti: info@somahauta.fi. Puhelinnumero: +358406311548. Voit ottaa meihin yhteytt\u00e4 my\u00f6s t\u00e4ytt\u00e4m\u00e4ll\u00e4 lomakkeen.","breadcrumb":{"@id":"https:\/\/somahauta.fi\/?page_id=26#breadcrumb"},"inLanguage":"fi","potentialAction":[{"@type":"ReadAction","target":["https:\/\/somahauta.fi\/?page_id=26"]}]},{"@type":"BreadcrumbList","@id":"https:\/\/somahauta.fi\/?page_id=26#breadcrumb","itemListElement":[{"@type":"ListItem","position":1,"name":"Etusivu","item":"https:\/\/somahauta.fi\/"},{"@type":"ListItem","position":2,"name":"Yhteystiedot"}]},{"@type":"WebSite","@id":"https:\/\/somahauta.fi\/#website","url":"https:\/\/somahauta.fi\/","name":"Somahauta","description":"","publisher":{"@id":"https:\/\/somahauta.fi\/#organization"},"potentialAction":[{"@type":"SearchAction","target":{"@type":"EntryPoint","urlTemplate":"https:\/\/somahauta.fi\/?s={search_term_string}"},"query-input":{"@type":"PropertyValueSpecification","valueRequired":true,"valueName":"search_term_string"}}],"inLanguage":"fi"},{"@type":"Organization","@id":"https:\/\/somahauta.fi\/#organization","name":"Somahauta","url":"https:\/\/somahauta.fi\/","logo":{"@type":"ImageObject","inLanguage":"fi","@id":"https:\/\/somahauta.fi\/#\/schema\/logo\/image\/","url":"https:\/\/somahauta.fi\/wp-content\/uploads\/2026\/04\/somahauta_fin-scaled.png","contentUrl":"https:\/\/somahauta.fi\/wp-content\/uploads\/2026\/04\/somahauta_fin-scaled.png","width":2560,"height":1280,"caption":"Somahauta"},"image":{"@id":"https:\/\/somahauta.fi\/#\/schema\/logo\/image\/"}}]}},"_links":{"self":[{"href":"https:\/\/somahauta.fi\/index.php?rest_route=\/wp\/v2\/pages\/26","targetHints":{"allow":["GET"]}}],"collection":[{"href":"https:\/\/somahauta.fi\/index.php?rest_route=\/wp\/v2\/pages"}],"about":[{"href":"https:\/\/somahauta.fi\/index.php?rest_route=\/wp\/v2\/types\/page"}],"author":[{"embeddable":true,"href":"https:\/\/somahauta.fi\/index.php?rest_route=\/wp\/v2\/users\/1"}],"replies":[{"embeddable":true,"href":"https:\/\/somahauta.fi\/index.php?rest_route=%2Fwp%2Fv2%2Fcomments&post=26"}],"version-history":[{"count":8,"href":"https:\/\/somahauta.fi\/index.php?rest_route=\/wp\/v2\/pages\/26\/revisions"}],"predecessor-version":[{"id":73,"href":"https:\/\/somahauta.fi\/index.php?rest_route=\/wp\/v2\/pages\/26\/revisions\/73"}],"wp:attachment":[{"href":"https:\/\/somahauta.fi\/index.php?rest_route=%2Fwp%2Fv2%2Fmedia&parent=26"}],"curies":[{"name":"wp","href":"https:\/\/api.w.org\/{rel}","templated":true}]}}