{"id":24,"date":"2026-04-21T16:47:59","date_gmt":"2026-04-21T16:47:59","guid":{"rendered":"https:\/\/somahauta.fi\/?page_id=24"},"modified":"2026-04-23T06:54:57","modified_gmt":"2026-04-23T06:54:57","slug":"tarjouspyynto","status":"publish","type":"page","link":"https:\/\/somahauta.fi\/?page_id=24","title":{"rendered":"Tarjouspyynt\u00f6"},"content":{"rendered":"\n<h1 class=\"wp-block-heading has-text-align-center has-text-color has-link-color wp-elements-8b89adf937f0ea4a73fb79b89c71ce5d\" style=\"color:#597566;padding-top:var(--wp--preset--spacing--50);padding-bottom:var(--wp--preset--spacing--50);font-size:30px\">Tarjouspyynt\u00f6<\/h1>\n\n\n\n<p class=\"has-text-align-left\">L\u00e4hetetty\u00e4si lomakkeen otamme sinuun yhteytt\u00e4 s\u00e4hk\u00f6postitse ja voimme yhdess\u00e4 muodostaa sinun tarpeitasi vastaavan palvelukokonaisuuden.<\/p>\n\n\n\n<p class=\"has-text-align-left\">Lomakkeen l\u00e4hett\u00e4minen ei sido sinua viel\u00e4 ostop\u00e4\u00e4t\u00f6kseen.<\/p>\n\n\n\n<h3 class=\"wp-block-heading\">Tarjouspyynt\u00f6lomake<\/h3>\n\n\n\n<div class=\"wpcf7 no-js\" id=\"wpcf7-f21-o1\" lang=\"fi\" dir=\"ltr\" data-wpcf7-id=\"21\">\n<div class=\"screen-reader-response\"><p role=\"status\" aria-live=\"polite\" aria-atomic=\"true\"><\/p> <ul><\/ul><\/div>\n<form action=\"\/index.php?rest_route=%2Fwp%2Fv2%2Fpages%2F24#wpcf7-f21-o1\" method=\"post\" class=\"wpcf7-form init\" aria-label=\"Yhteydenottolomake\" novalidate=\"novalidate\" data-status=\"init\">\n<fieldset class=\"hidden-fields-container\"><input type=\"hidden\" name=\"_wpcf7\" value=\"21\" \/><input type=\"hidden\" name=\"_wpcf7_version\" value=\"6.1.5\" \/><input type=\"hidden\" name=\"_wpcf7_locale\" value=\"fi\" \/><input type=\"hidden\" name=\"_wpcf7_unit_tag\" value=\"wpcf7-f21-o1\" \/><input type=\"hidden\" name=\"_wpcf7_container_post\" value=\"0\" \/><input type=\"hidden\" name=\"_wpcf7_posted_data_hash\" value=\"\" \/>\n<\/fieldset>\n<p>Asiakkaan tiedot\n<\/p>\n<p><label> Nimi<br \/>\n<span class=\"wpcf7-form-control-wrap\" data-name=\"your-name\"><input size=\"40\" maxlength=\"400\" class=\"wpcf7-form-control wpcf7-text\" autocomplete=\"name\" aria-invalid=\"false\" value=\"\" type=\"text\" name=\"your-name\" \/><\/span> <\/label>\n<\/p>\n<p><label> S\u00e4hk\u00f6postiosoite<br \/>\n<span class=\"wpcf7-form-control-wrap\" data-name=\"your-email\"><input size=\"40\" maxlength=\"400\" class=\"wpcf7-form-control wpcf7-email wpcf7-text wpcf7-validates-as-email\" autocomplete=\"email\" aria-invalid=\"false\" value=\"\" type=\"email\" name=\"your-email\" \/><\/span> <\/label>\n<\/p>\n<p><label> Puhelinnumero<br \/>\n<span class=\"wpcf7-form-control-wrap\" data-name=\"tel-401\"><input size=\"40\" maxlength=\"400\" class=\"wpcf7-form-control wpcf7-tel wpcf7-text wpcf7-validates-as-tel\" aria-invalid=\"false\" value=\"\" type=\"tel\" name=\"tel-401\" \/><\/span> <\/label>\n<\/p>\n<p>Hautapaikan\/Muistomerkin tiedot\n<\/p>\n<p><label> Nimi\/Muistomerkki<br \/>\n<span class=\"wpcf7-form-control-wrap\" data-name=\"nimi-muistomerkki\"><input size=\"40\" maxlength=\"400\" class=\"wpcf7-form-control wpcf7-text\" aria-invalid=\"false\" value=\"\" type=\"text\" name=\"nimi-muistomerkki\" \/><\/span> <\/label>\n<\/p>\n<p><label> Syntym\u00e4aika<br \/>\n<span class=\"wpcf7-form-control-wrap\" data-name=\"date-744\"><input class=\"wpcf7-form-control wpcf7-date wpcf7-validates-as-date\" aria-invalid=\"false\" value=\"\" type=\"date\" name=\"date-744\" \/><\/span> <\/label>\n<\/p>\n<p><label> Kuolinaika<br \/>\n<span class=\"wpcf7-form-control-wrap\" data-name=\"date-610\"><input class=\"wpcf7-form-control wpcf7-date wpcf7-validates-as-date\" aria-invalid=\"false\" value=\"\" type=\"date\" name=\"date-610\" \/><\/span> <\/label>\n<\/p>\n<p><label> Paikkakunta<br \/>\n<span class=\"wpcf7-form-control-wrap\" data-name=\"paikkakunta\"><input size=\"40\" maxlength=\"400\" class=\"wpcf7-form-control wpcf7-text\" aria-invalid=\"false\" value=\"\" type=\"text\" name=\"paikkakunta\" \/><\/span> <\/label>\n<\/p>\n<p><label> Hautausmaa\/Alue<br \/>\n<span class=\"wpcf7-form-control-wrap\" data-name=\"hautausmaa-alue\"><input size=\"40\" maxlength=\"400\" class=\"wpcf7-form-control wpcf7-text\" aria-invalid=\"false\" value=\"\" type=\"text\" name=\"hautausmaa-alue\" \/><\/span> <\/label>\n<\/p>\n<p><label> Koordinaatit\/Numero<br \/>\n<span class=\"wpcf7-form-control-wrap\" data-name=\"koordinaatit-numero\"><input size=\"40\" maxlength=\"400\" class=\"wpcf7-form-control wpcf7-text\" aria-invalid=\"false\" value=\"\" type=\"text\" name=\"koordinaatit-numero\" \/><\/span> <\/label>\n<\/p>\n<p><input class=\"wpcf7-form-control wpcf7-submit has-spinner\" type=\"submit\" value=\"L\u00e4het\u00e4\" \/>\n<\/p><div class=\"wpcf7-response-output\" aria-hidden=\"true\"><\/div>\n<\/form>\n<\/div>\n\n","protected":false},"excerpt":{"rendered":"<p>Tarjouspyynt\u00f6 L\u00e4hetetty\u00e4si lomakkeen otamme sinuun yhteytt\u00e4 s\u00e4hk\u00f6postitse ja voimme yhdess\u00e4 muodostaa sinun tarpeitasi vastaavan palvelukokonaisuuden. Lomakkeen l\u00e4hett\u00e4minen ei sido sinua [&hellip;]<\/p>\n","protected":false},"author":1,"featured_media":0,"parent":0,"menu_order":0,"comment_status":"closed","ping_status":"closed","template":"","meta":{"site-sidebar-layout":"default","site-content-layout":"","ast-site-content-layout":"default","site-content-style":"default","site-sidebar-style":"default","ast-global-header-display":"","ast-banner-title-visibility":"","ast-main-header-display":"","ast-hfb-above-header-display":"","ast-hfb-below-header-display":"","ast-hfb-mobile-header-display":"","site-post-title":"disabled","ast-breadcrumbs-content":"","ast-featured-img":"","footer-sml-layout":"","ast-disable-related-posts":"","theme-transparent-header-meta":"","adv-header-id-meta":"","stick-header-meta":"","header-above-stick-meta":"","header-main-stick-meta":"","header-below-stick-meta":"","astra-migrate-meta-layouts":"default","ast-page-background-enabled":"default","ast-page-background-meta":{"desktop":{"background-color":"var(--ast-global-color-5)","background-image":"","background-repeat":"repeat","background-position":"center center","background-size":"auto","background-attachment":"scroll","background-type":"","background-media":"","overlay-type":"","overlay-color":"","overlay-opacity":"","overlay-gradient":""},"tablet":{"background-color":"","background-image":"","background-repeat":"repeat","background-position":"center center","background-size":"auto","background-attachment":"scroll","background-type":"","background-media":"","overlay-type":"","overlay-color":"","overlay-opacity":"","overlay-gradient":""},"mobile":{"background-color":"","background-image":"","background-repeat":"repeat","background-position":"center center","background-size":"auto","background-attachment":"scroll","background-type":"","background-media":"","overlay-type":"","overlay-color":"","overlay-opacity":"","overlay-gradient":""}},"ast-content-background-meta":{"desktop":{"background-color":"var(--ast-global-color-4)","background-image":"","background-repeat":"repeat","background-position":"center center","background-size":"auto","background-attachment":"scroll","background-type":"","background-media":"","overlay-type":"","overlay-color":"","overlay-opacity":"","overlay-gradient":""},"tablet":{"background-color":"var(--ast-global-color-4)","background-image":"","background-repeat":"repeat","background-position":"center center","background-size":"auto","background-attachment":"scroll","background-type":"","background-media":"","overlay-type":"","overlay-color":"","overlay-opacity":"","overlay-gradient":""},"mobile":{"background-color":"var(--ast-global-color-4)","background-image":"","background-repeat":"repeat","background-position":"center center","background-size":"auto","background-attachment":"scroll","background-type":"","background-media":"","overlay-type":"","overlay-color":"","overlay-opacity":"","overlay-gradient":""}},"footnotes":""},"class_list":["post-24","page","type-page","status-publish","hentry"],"yoast_head":"<!-- This site is optimized with the Yoast SEO plugin v27.4 - https:\/\/yoast.com\/product\/yoast-seo-wordpress\/ -->\n<title>Tarjouspyynt\u00f6 -<\/title>\n<meta name=\"description\" content=\"L\u00e4hetetty\u00e4si lomakkeen otamme sinuun yhteytt\u00e4 s\u00e4hk\u00f6postitse ja voimme yhdess\u00e4 muodostaa sinun tarpeitasi vastaavan palvelukokonaisuuden.\" \/>\n<meta name=\"robots\" content=\"index, follow, max-snippet:-1, max-image-preview:large, max-video-preview:-1\" \/>\n<link rel=\"canonical\" href=\"https:\/\/somahauta.fi\/?page_id=24\" \/>\n<meta property=\"og:locale\" content=\"fi_FI\" \/>\n<meta property=\"og:type\" content=\"article\" \/>\n<meta property=\"og:title\" content=\"Tarjouspyynt\u00f6 -\" \/>\n<meta property=\"og:description\" content=\"L\u00e4hetetty\u00e4si lomakkeen otamme sinuun yhteytt\u00e4 s\u00e4hk\u00f6postitse ja voimme yhdess\u00e4 muodostaa sinun tarpeitasi vastaavan palvelukokonaisuuden.\" \/>\n<meta property=\"og:url\" content=\"https:\/\/somahauta.fi\/?page_id=24\" \/>\n<meta property=\"article:modified_time\" content=\"2026-04-23T06:54:57+00:00\" \/>\n<meta name=\"twitter:card\" content=\"summary_large_image\" \/>\n<meta name=\"twitter:label1\" content=\"Arvioitu lukuaika\" \/>\n\t<meta name=\"twitter:data1\" content=\"1 minuutti\" \/>\n<script type=\"application\/ld+json\" class=\"yoast-schema-graph\">{\"@context\":\"https:\\\/\\\/schema.org\",\"@graph\":[{\"@type\":\"WebPage\",\"@id\":\"https:\\\/\\\/somahauta.fi\\\/?page_id=24\",\"url\":\"https:\\\/\\\/somahauta.fi\\\/?page_id=24\",\"name\":\"Tarjouspyynt\u00f6 -\",\"isPartOf\":{\"@id\":\"https:\\\/\\\/somahauta.fi\\\/#website\"},\"datePublished\":\"2026-04-21T16:47:59+00:00\",\"dateModified\":\"2026-04-23T06:54:57+00:00\",\"description\":\"L\u00e4hetetty\u00e4si lomakkeen otamme sinuun yhteytt\u00e4 s\u00e4hk\u00f6postitse ja voimme yhdess\u00e4 muodostaa sinun tarpeitasi vastaavan palvelukokonaisuuden.\",\"breadcrumb\":{\"@id\":\"https:\\\/\\\/somahauta.fi\\\/?page_id=24#breadcrumb\"},\"inLanguage\":\"fi\",\"potentialAction\":[{\"@type\":\"ReadAction\",\"target\":[\"https:\\\/\\\/somahauta.fi\\\/?page_id=24\"]}]},{\"@type\":\"BreadcrumbList\",\"@id\":\"https:\\\/\\\/somahauta.fi\\\/?page_id=24#breadcrumb\",\"itemListElement\":[{\"@type\":\"ListItem\",\"position\":1,\"name\":\"Etusivu\",\"item\":\"https:\\\/\\\/somahauta.fi\\\/\"},{\"@type\":\"ListItem\",\"position\":2,\"name\":\"Tarjouspyynt\u00f6\"}]},{\"@type\":\"WebSite\",\"@id\":\"https:\\\/\\\/somahauta.fi\\\/#website\",\"url\":\"https:\\\/\\\/somahauta.fi\\\/\",\"name\":\"Somahauta\",\"description\":\"\",\"publisher\":{\"@id\":\"https:\\\/\\\/somahauta.fi\\\/#organization\"},\"potentialAction\":[{\"@type\":\"SearchAction\",\"target\":{\"@type\":\"EntryPoint\",\"urlTemplate\":\"https:\\\/\\\/somahauta.fi\\\/?s={search_term_string}\"},\"query-input\":{\"@type\":\"PropertyValueSpecification\",\"valueRequired\":true,\"valueName\":\"search_term_string\"}}],\"inLanguage\":\"fi\"},{\"@type\":\"Organization\",\"@id\":\"https:\\\/\\\/somahauta.fi\\\/#organization\",\"name\":\"Somahauta\",\"url\":\"https:\\\/\\\/somahauta.fi\\\/\",\"logo\":{\"@type\":\"ImageObject\",\"inLanguage\":\"fi\",\"@id\":\"https:\\\/\\\/somahauta.fi\\\/#\\\/schema\\\/logo\\\/image\\\/\",\"url\":\"https:\\\/\\\/somahauta.fi\\\/wp-content\\\/uploads\\\/2026\\\/04\\\/somahauta_fin-scaled.png\",\"contentUrl\":\"https:\\\/\\\/somahauta.fi\\\/wp-content\\\/uploads\\\/2026\\\/04\\\/somahauta_fin-scaled.png\",\"width\":2560,\"height\":1280,\"caption\":\"Somahauta\"},\"image\":{\"@id\":\"https:\\\/\\\/somahauta.fi\\\/#\\\/schema\\\/logo\\\/image\\\/\"}}]}<\/script>\n<!-- \/ Yoast SEO plugin. -->","yoast_head_json":{"title":"Tarjouspyynt\u00f6 -","description":"L\u00e4hetetty\u00e4si lomakkeen otamme sinuun yhteytt\u00e4 s\u00e4hk\u00f6postitse ja voimme yhdess\u00e4 muodostaa sinun tarpeitasi vastaavan palvelukokonaisuuden.","robots":{"index":"index","follow":"follow","max-snippet":"max-snippet:-1","max-image-preview":"max-image-preview:large","max-video-preview":"max-video-preview:-1"},"canonical":"https:\/\/somahauta.fi\/?page_id=24","og_locale":"fi_FI","og_type":"article","og_title":"Tarjouspyynt\u00f6 -","og_description":"L\u00e4hetetty\u00e4si lomakkeen otamme sinuun yhteytt\u00e4 s\u00e4hk\u00f6postitse ja voimme yhdess\u00e4 muodostaa sinun tarpeitasi vastaavan palvelukokonaisuuden.","og_url":"https:\/\/somahauta.fi\/?page_id=24","article_modified_time":"2026-04-23T06:54:57+00:00","twitter_card":"summary_large_image","twitter_misc":{"Arvioitu lukuaika":"1 minuutti"},"schema":{"@context":"https:\/\/schema.org","@graph":[{"@type":"WebPage","@id":"https:\/\/somahauta.fi\/?page_id=24","url":"https:\/\/somahauta.fi\/?page_id=24","name":"Tarjouspyynt\u00f6 -","isPartOf":{"@id":"https:\/\/somahauta.fi\/#website"},"datePublished":"2026-04-21T16:47:59+00:00","dateModified":"2026-04-23T06:54:57+00:00","description":"L\u00e4hetetty\u00e4si lomakkeen otamme sinuun yhteytt\u00e4 s\u00e4hk\u00f6postitse ja voimme yhdess\u00e4 muodostaa sinun tarpeitasi vastaavan palvelukokonaisuuden.","breadcrumb":{"@id":"https:\/\/somahauta.fi\/?page_id=24#breadcrumb"},"inLanguage":"fi","potentialAction":[{"@type":"ReadAction","target":["https:\/\/somahauta.fi\/?page_id=24"]}]},{"@type":"BreadcrumbList","@id":"https:\/\/somahauta.fi\/?page_id=24#breadcrumb","itemListElement":[{"@type":"ListItem","position":1,"name":"Etusivu","item":"https:\/\/somahauta.fi\/"},{"@type":"ListItem","position":2,"name":"Tarjouspyynt\u00f6"}]},{"@type":"WebSite","@id":"https:\/\/somahauta.fi\/#website","url":"https:\/\/somahauta.fi\/","name":"Somahauta","description":"","publisher":{"@id":"https:\/\/somahauta.fi\/#organization"},"potentialAction":[{"@type":"SearchAction","target":{"@type":"EntryPoint","urlTemplate":"https:\/\/somahauta.fi\/?s={search_term_string}"},"query-input":{"@type":"PropertyValueSpecification","valueRequired":true,"valueName":"search_term_string"}}],"inLanguage":"fi"},{"@type":"Organization","@id":"https:\/\/somahauta.fi\/#organization","name":"Somahauta","url":"https:\/\/somahauta.fi\/","logo":{"@type":"ImageObject","inLanguage":"fi","@id":"https:\/\/somahauta.fi\/#\/schema\/logo\/image\/","url":"https:\/\/somahauta.fi\/wp-content\/uploads\/2026\/04\/somahauta_fin-scaled.png","contentUrl":"https:\/\/somahauta.fi\/wp-content\/uploads\/2026\/04\/somahauta_fin-scaled.png","width":2560,"height":1280,"caption":"Somahauta"},"image":{"@id":"https:\/\/somahauta.fi\/#\/schema\/logo\/image\/"}}]}},"_links":{"self":[{"href":"https:\/\/somahauta.fi\/index.php?rest_route=\/wp\/v2\/pages\/24","targetHints":{"allow":["GET"]}}],"collection":[{"href":"https:\/\/somahauta.fi\/index.php?rest_route=\/wp\/v2\/pages"}],"about":[{"href":"https:\/\/somahauta.fi\/index.php?rest_route=\/wp\/v2\/types\/page"}],"author":[{"embeddable":true,"href":"https:\/\/somahauta.fi\/index.php?rest_route=\/wp\/v2\/users\/1"}],"replies":[{"embeddable":true,"href":"https:\/\/somahauta.fi\/index.php?rest_route=%2Fwp%2Fv2%2Fcomments&post=24"}],"version-history":[{"count":8,"href":"https:\/\/somahauta.fi\/index.php?rest_route=\/wp\/v2\/pages\/24\/revisions"}],"predecessor-version":[{"id":93,"href":"https:\/\/somahauta.fi\/index.php?rest_route=\/wp\/v2\/pages\/24\/revisions\/93"}],"wp:attachment":[{"href":"https:\/\/somahauta.fi\/index.php?rest_route=%2Fwp%2Fv2%2Fmedia&parent=24"}],"curies":[{"name":"wp","href":"https:\/\/api.w.org\/{rel}","templated":true}]}}