{"id":13,"date":"2026-04-21T16:47:54","date_gmt":"2026-04-21T16:47:54","guid":{"rendered":"https:\/\/somahauta.fi\/?page_id=13"},"modified":"2026-04-23T08:05:01","modified_gmt":"2026-04-23T08:05:01","slug":"palvelut","status":"publish","type":"page","link":"https:\/\/somahauta.fi\/?page_id=13","title":{"rendered":"Palvelut"},"content":{"rendered":"\n<h1 class=\"wp-block-heading has-text-align-center has-text-color has-link-color wp-elements-04b18158974186cc11600852ca9a97d4\" style=\"color:#597566;padding-top:var(--wp--preset--spacing--50);padding-bottom:var(--wp--preset--spacing--50);font-size:30px\">Palvelut<\/h1>\n\n\n\n<div class=\"wp-block-columns is-layout-flex wp-container-core-columns-is-layout-3f9cda18 wp-block-columns-is-layout-flex\" style=\"margin-top:10px;margin-bottom:10px;padding-top:10px;padding-bottom:10px\">\n<div class=\"wp-block-column has-ast-global-color-4-color has-text-color has-background has-link-color wp-elements-b107b54ed6dde64ecda9e906e8741388 is-layout-flow wp-block-column-is-layout-flow\" style=\"background-color:#597566;padding-top:var(--wp--preset--spacing--50);padding-right:var(--wp--preset--spacing--50);padding-bottom:var(--wp--preset--spacing--50);padding-left:var(--wp--preset--spacing--50)\">\n<div style=\"aspect-ratio:3\/2;min-height:unset;\" class=\"wp-block-cover has-aspect-ratio\"><img loading=\"lazy\" decoding=\"async\" width=\"1024\" height=\"768\" class=\"wp-block-cover__image-background wp-image-16 size-large\" alt=\"\" src=\"https:\/\/somahauta.fi\/wp-content\/uploads\/2026\/04\/Palvelu-1-1-1024x768.jpg\" data-object-fit=\"cover\" srcset=\"https:\/\/somahauta.fi\/wp-content\/uploads\/2026\/04\/Palvelu-1-1-1024x768.jpg 1024w, https:\/\/somahauta.fi\/wp-content\/uploads\/2026\/04\/Palvelu-1-1-300x225.jpg 300w, https:\/\/somahauta.fi\/wp-content\/uploads\/2026\/04\/Palvelu-1-1-768x576.jpg 768w, https:\/\/somahauta.fi\/wp-content\/uploads\/2026\/04\/Palvelu-1-1-1536x1152.jpg 1536w, https:\/\/somahauta.fi\/wp-content\/uploads\/2026\/04\/Palvelu-1-1-2048x1536.jpg 2048w\" sizes=\"auto, (max-width: 1024px) 100vw, 1024px\" \/><span aria-hidden=\"true\" class=\"wp-block-cover__background has-background-dim\" style=\"background-color:#304038\"><\/span><div class=\"wp-block-cover__inner-container is-layout-constrained wp-block-cover-is-layout-constrained\">\n<h2 class=\"wp-block-heading has-text-align-center has-ast-global-color-4-color has-text-color has-link-color wp-elements-136abc4db9a7173853145368cee0bb0d\">Yll\u00e4pitohoito<\/h2>\n<\/div><\/div>\n\n\n\n<p class=\"has-text-align-left\" style=\"margin-top:12px;margin-bottom:12px;line-height:0.9\">Kolme k\u00e4yntikertaa <\/p>\n\n\n\n<p class=\"has-text-align-left\" style=\"margin-top:12px;margin-bottom:12px;line-height:0.9\">(kev\u00e4t, kes\u00e4, syksy)<\/p>\n\n\n\n<p class=\"has-text-align-left has-ast-global-color-4-color has-text-color\" style=\"margin-top:12px;margin-bottom:12px;line-height:1.5\">Hautapaikan tarkastaminen ja siistiminen<\/p>\n<\/div>\n\n\n\n<div class=\"wp-block-column has-ast-global-color-4-color has-text-color has-background has-link-color wp-elements-39766ba9f9470ed759cbe12c2365d293 is-layout-flow wp-block-column-is-layout-flow\" style=\"background-color:#597566;padding-top:var(--wp--preset--spacing--50);padding-right:var(--wp--preset--spacing--50);padding-bottom:var(--wp--preset--spacing--50);padding-left:var(--wp--preset--spacing--50)\">\n<div style=\"aspect-ratio:3\/2;min-height:unset;\" class=\"wp-block-cover has-aspect-ratio\"><img loading=\"lazy\" decoding=\"async\" width=\"1024\" height=\"629\" class=\"wp-block-cover__image-background wp-image-15 size-large\" alt=\"\" src=\"https:\/\/somahauta.fi\/wp-content\/uploads\/2026\/04\/Palvelu-2-1024x629.jpg\" data-object-fit=\"cover\" srcset=\"https:\/\/somahauta.fi\/wp-content\/uploads\/2026\/04\/Palvelu-2-1024x629.jpg 1024w, https:\/\/somahauta.fi\/wp-content\/uploads\/2026\/04\/Palvelu-2-300x184.jpg 300w, https:\/\/somahauta.fi\/wp-content\/uploads\/2026\/04\/Palvelu-2-768x472.jpg 768w, https:\/\/somahauta.fi\/wp-content\/uploads\/2026\/04\/Palvelu-2-1536x944.jpg 1536w, https:\/\/somahauta.fi\/wp-content\/uploads\/2026\/04\/Palvelu-2-2048x1259.jpg 2048w\" sizes=\"auto, (max-width: 1024px) 100vw, 1024px\" \/><span aria-hidden=\"true\" class=\"wp-block-cover__background has-background-dim\" style=\"background-color:#304038\"><\/span><div class=\"wp-block-cover__inner-container is-layout-constrained wp-block-cover-is-layout-constrained\">\n<h2 class=\"wp-block-heading has-text-align-center has-ast-global-color-4-color has-text-color has-link-color wp-elements-3b31d3449769e5fc7f78175c67cad523\">Kausihoito<\/h2>\n<\/div><\/div>\n\n\n\n<p class=\"has-text-align-left\" style=\"margin-top:12px;margin-bottom:12px;line-height:1.5\">Ajanjaksolla huhti-syyskuu<\/p>\n\n\n\n<p class=\"has-text-align-left\" style=\"margin-top:12px;margin-bottom:12px;line-height:1.5\">4-6 k\u00e4yntikertaa<\/p>\n\n\n\n<p class=\"has-text-align-left\" style=\"margin-top:12px;margin-bottom:12px;line-height:1.5\">Kes\u00e4kuussa kes\u00e4kukkien istuttaminen<\/p>\n\n\n\n<p class=\"has-text-align-left\" style=\"margin-top:12px;margin-bottom:12px;line-height:1.5\">Elokuussa syyskasvien istuttaminen tai hautapaikan puhdistaminen<\/p>\n\n\n\n<p class=\"has-text-align-left\" style=\"margin-top:12px;margin-bottom:12px;line-height:1.5\">S\u00e4\u00e4nn\u00f6llinen hautapaikan siistin\u00e4 pit\u00e4minen<\/p>\n<\/div>\n<\/div>\n\n\n\n<div class=\"wp-block-columns is-layout-flex wp-container-core-columns-is-layout-3f9cda18 wp-block-columns-is-layout-flex\" style=\"margin-top:10px;margin-bottom:10px;padding-top:10px;padding-bottom:10px\">\n<div class=\"wp-block-column has-ast-global-color-4-color has-text-color has-background has-link-color wp-elements-6dbcbe4018f0200309482f4b69a322f0 is-layout-flow wp-block-column-is-layout-flow\" style=\"background-color:#597566;padding-top:var(--wp--preset--spacing--50);padding-right:var(--wp--preset--spacing--50);padding-bottom:var(--wp--preset--spacing--50);padding-left:var(--wp--preset--spacing--50)\">\n<div style=\"aspect-ratio:3\/2;min-height:unset;\" class=\"wp-block-cover has-aspect-ratio\"><img loading=\"lazy\" decoding=\"async\" width=\"1024\" height=\"900\" class=\"wp-block-cover__image-background wp-image-17 size-large\" alt=\"\" src=\"https:\/\/somahauta.fi\/wp-content\/uploads\/2026\/04\/Palvelu-3-1024x900.jpg\" data-object-fit=\"cover\" srcset=\"https:\/\/somahauta.fi\/wp-content\/uploads\/2026\/04\/Palvelu-3-1024x900.jpg 1024w, https:\/\/somahauta.fi\/wp-content\/uploads\/2026\/04\/Palvelu-3-300x264.jpg 300w, https:\/\/somahauta.fi\/wp-content\/uploads\/2026\/04\/Palvelu-3-768x675.jpg 768w, https:\/\/somahauta.fi\/wp-content\/uploads\/2026\/04\/Palvelu-3-1536x1350.jpg 1536w, https:\/\/somahauta.fi\/wp-content\/uploads\/2026\/04\/Palvelu-3.jpg 1966w\" sizes=\"auto, (max-width: 1024px) 100vw, 1024px\" \/><span aria-hidden=\"true\" class=\"wp-block-cover__background has-background-dim\" style=\"background-color:#304038\"><\/span><div class=\"wp-block-cover__inner-container is-layout-constrained wp-block-cover-is-layout-constrained\">\n<h2 class=\"wp-block-heading has-text-align-center has-ast-global-color-4-color has-text-color has-link-color wp-elements-3ad785d8b1a0bdb0edb5ef2cd09ffef6\">Tehohuolto<\/h2>\n<\/div><\/div>\n\n\n\n<p class=\"has-text-align-left\" style=\"margin-top:12px;margin-bottom:12px;line-height:1.5\">Ajanjaksolla touko-syyskuu tai huhti-elokuu<\/p>\n\n\n\n<p class=\"has-text-align-left\" style=\"margin-top:12px;margin-bottom:12px;line-height:0.8\">Viisi k\u00e4yntikertaa <\/p>\n\n\n\n<p class=\"has-text-align-left\" style=\"margin-top:12px;margin-bottom:12px;line-height:0.9\">(1 kerran kuukaudessa)<\/p>\n\n\n\n<p class=\"has-text-align-left has-ast-global-color-4-color has-text-color\" style=\"margin-top:12px;margin-bottom:12px;line-height:1.5\">Kolme kertaa kauden kasvien istuttaminen tai niiden poistaminen<\/p>\n<\/div>\n\n\n\n<div class=\"wp-block-column has-ast-global-color-4-color has-text-color has-background has-link-color wp-elements-090870f86f7d0ad7f0814cf6377828ad is-layout-flow wp-block-column-is-layout-flow\" style=\"background-color:#597566;padding-top:var(--wp--preset--spacing--50);padding-right:var(--wp--preset--spacing--50);padding-bottom:var(--wp--preset--spacing--50);padding-left:var(--wp--preset--spacing--50)\">\n<div style=\"aspect-ratio:3\/2;min-height:unset;\" class=\"wp-block-cover has-aspect-ratio\"><img loading=\"lazy\" decoding=\"async\" width=\"1024\" height=\"977\" class=\"wp-block-cover__image-background wp-image-18 size-large\" alt=\"\" src=\"https:\/\/somahauta.fi\/wp-content\/uploads\/2026\/04\/Palvelu-4-1024x977.jpg\" data-object-fit=\"cover\" srcset=\"https:\/\/somahauta.fi\/wp-content\/uploads\/2026\/04\/Palvelu-4-1024x977.jpg 1024w, https:\/\/somahauta.fi\/wp-content\/uploads\/2026\/04\/Palvelu-4-300x286.jpg 300w, https:\/\/somahauta.fi\/wp-content\/uploads\/2026\/04\/Palvelu-4-768x732.jpg 768w, https:\/\/somahauta.fi\/wp-content\/uploads\/2026\/04\/Palvelu-4-1536x1465.jpg 1536w, https:\/\/somahauta.fi\/wp-content\/uploads\/2026\/04\/Palvelu-4-2048x1953.jpg 2048w\" sizes=\"auto, (max-width: 1024px) 100vw, 1024px\" \/><span aria-hidden=\"true\" class=\"wp-block-cover__background has-background-dim\" style=\"background-color:#304038\"><\/span><div class=\"wp-block-cover__inner-container is-layout-constrained wp-block-cover-is-layout-constrained\">\n<h2 class=\"wp-block-heading has-text-align-center has-ast-global-color-4-color has-text-color has-link-color wp-elements-a5b7fdb4b1f607c014edf02a8a9e5a7c\">Yksitt\u00e4iset palvelut<\/h2>\n<\/div><\/div>\n\n\n\n<p class=\"has-text-align-left\" style=\"margin-top:13px;margin-bottom:13px;line-height:0.9\">Toimituspalvelut <\/p>\n\n\n\n<p class=\"has-text-align-left\" style=\"margin-top:13px;margin-bottom:13px;line-height:0.9\">(esim. kynttil\u00f6iden vienti)<\/p>\n\n\n\n<p class=\"has-text-align-left\" style=\"margin-top:13px;margin-bottom:13px;line-height:0.9\">Istutusalueenhuollot <\/p>\n\n\n\n<p class=\"has-text-align-left\" style=\"margin-top:13px;margin-bottom:13px;line-height:0.9\">(esim. kukat, alustan putsaus)<\/p>\n\n\n\n<p class=\"has-text-align-left\" style=\"margin-top:13px;margin-bottom:13px;line-height:0.9\">Kivihuollot <\/p>\n\n\n\n<p class=\"has-text-align-left\" style=\"margin-top:13px;margin-bottom:13px;line-height:0.9\">(esim. puhdistukset)<\/p>\n\n\n\n<p class=\"has-text-align-left\" style=\"margin-top:13px;margin-bottom:13px;line-height:0.9\">Ruoho- ja kivetysaluehuollot <\/p>\n\n\n\n<p class=\"has-text-align-left\" style=\"margin-top:13px;margin-bottom:13px;line-height:0.9\">(esim. reunakivienhuolto, koristehiekan lis\u00e4ys)<\/p>\n\n\n\n<p class=\"has-text-align-left\" style=\"margin-top:13px;margin-bottom:13px;line-height:0.9\">Talvihuollot <\/p>\n\n\n\n<p class=\"has-text-align-left\" style=\"margin-top:13px;margin-bottom:13px;line-height:0.9\">(esim. kiven putsaus)<\/p>\n<\/div>\n<\/div>\n","protected":false},"excerpt":{"rendered":"<p>Palvelut Kolme k\u00e4yntikertaa (kev\u00e4t, kes\u00e4, syksy) Hautapaikan tarkastaminen ja siistiminen Ajanjaksolla huhti-syyskuu 4-6 k\u00e4yntikertaa Kes\u00e4kuussa kes\u00e4kukkien istuttaminen Elokuussa syyskasvien istuttaminen [&hellip;]<\/p>\n","protected":false},"author":1,"featured_media":0,"parent":0,"menu_order":0,"comment_status":"closed","ping_status":"closed","template":"","meta":{"site-sidebar-layout":"default","site-content-layout":"","ast-site-content-layout":"default","site-content-style":"default","site-sidebar-style":"default","ast-global-header-display":"","ast-banner-title-visibility":"","ast-main-header-display":"","ast-hfb-above-header-display":"","ast-hfb-below-header-display":"","ast-hfb-mobile-header-display":"","site-post-title":"disabled","ast-breadcrumbs-content":"","ast-featured-img":"","footer-sml-layout":"","ast-disable-related-posts":"","theme-transparent-header-meta":"","adv-header-id-meta":"","stick-header-meta":"","header-above-stick-meta":"","header-main-stick-meta":"","header-below-stick-meta":"","astra-migrate-meta-layouts":"default","ast-page-background-enabled":"default","ast-page-background-meta":{"desktop":{"background-color":"var(--ast-global-color-5)","background-image":"","background-repeat":"repeat","background-position":"center center","background-size":"auto","background-attachment":"scroll","background-type":"","background-media":"","overlay-type":"","overlay-color":"","overlay-opacity":"","overlay-gradient":""},"tablet":{"background-color":"","background-image":"","background-repeat":"repeat","background-position":"center center","background-size":"auto","background-attachment":"scroll","background-type":"","background-media":"","overlay-type":"","overlay-color":"","overlay-opacity":"","overlay-gradient":""},"mobile":{"background-color":"","background-image":"","background-repeat":"repeat","background-position":"center center","background-size":"auto","background-attachment":"scroll","background-type":"","background-media":"","overlay-type":"","overlay-color":"","overlay-opacity":"","overlay-gradient":""}},"ast-content-background-meta":{"desktop":{"background-color":"var(--ast-global-color-4)","background-image":"","background-repeat":"repeat","background-position":"center center","background-size":"auto","background-attachment":"scroll","background-type":"","background-media":"","overlay-type":"","overlay-color":"","overlay-opacity":"","overlay-gradient":""},"tablet":{"background-color":"var(--ast-global-color-4)","background-image":"","background-repeat":"repeat","background-position":"center center","background-size":"auto","background-attachment":"scroll","background-type":"","background-media":"","overlay-type":"","overlay-color":"","overlay-opacity":"","overlay-gradient":""},"mobile":{"background-color":"var(--ast-global-color-4)","background-image":"","background-repeat":"repeat","background-position":"center center","background-size":"auto","background-attachment":"scroll","background-type":"","background-media":"","overlay-type":"","overlay-color":"","overlay-opacity":"","overlay-gradient":""}},"footnotes":""},"class_list":["post-13","page","type-page","status-publish","hentry"],"yoast_head":"<!-- This site is optimized with the Yoast SEO plugin v27.4 - https:\/\/yoast.com\/product\/yoast-seo-wordpress\/ -->\n<title>Palvelut -<\/title>\n<meta name=\"description\" content=\"Somahauta tarjoaa palveluvaihtoehtoina muun muassa yll\u00e4pitohoitoa, kausihoitoa, tehohuoltoa ja yksitt\u00e4isi\u00e4 palveluita.\" \/>\n<meta name=\"robots\" content=\"index, follow, max-snippet:-1, max-image-preview:large, max-video-preview:-1\" \/>\n<link rel=\"canonical\" href=\"https:\/\/somahauta.fi\/?page_id=13\" \/>\n<meta property=\"og:locale\" content=\"fi_FI\" \/>\n<meta property=\"og:type\" content=\"article\" \/>\n<meta property=\"og:title\" content=\"Palvelut -\" \/>\n<meta property=\"og:description\" content=\"Somahauta tarjoaa palveluvaihtoehtoina muun muassa yll\u00e4pitohoitoa, kausihoitoa, tehohuoltoa ja yksitt\u00e4isi\u00e4 palveluita.\" \/>\n<meta property=\"og:url\" content=\"https:\/\/somahauta.fi\/?page_id=13\" \/>\n<meta property=\"article:modified_time\" content=\"2026-04-23T08:05:01+00:00\" \/>\n<meta property=\"og:image\" content=\"https:\/\/somahauta.fi\/wp-content\/uploads\/2026\/04\/Palvelu-1-1-scaled.jpg\" \/>\n\t<meta property=\"og:image:width\" content=\"2560\" \/>\n\t<meta property=\"og:image:height\" content=\"1920\" \/>\n\t<meta property=\"og:image:type\" content=\"image\/jpeg\" \/>\n<meta name=\"twitter:card\" content=\"summary_large_image\" \/>\n<meta name=\"twitter:label1\" content=\"Arvioitu lukuaika\" \/>\n\t<meta name=\"twitter:data1\" content=\"2 minuuttia\" \/>\n<script type=\"application\/ld+json\" class=\"yoast-schema-graph\">{\"@context\":\"https:\\\/\\\/schema.org\",\"@graph\":[{\"@type\":\"WebPage\",\"@id\":\"https:\\\/\\\/somahauta.fi\\\/?page_id=13\",\"url\":\"https:\\\/\\\/somahauta.fi\\\/?page_id=13\",\"name\":\"Palvelut -\",\"isPartOf\":{\"@id\":\"https:\\\/\\\/somahauta.fi\\\/#website\"},\"primaryImageOfPage\":{\"@id\":\"https:\\\/\\\/somahauta.fi\\\/?page_id=13#primaryimage\"},\"image\":{\"@id\":\"https:\\\/\\\/somahauta.fi\\\/?page_id=13#primaryimage\"},\"thumbnailUrl\":\"https:\\\/\\\/somahauta.fi\\\/wp-content\\\/uploads\\\/2026\\\/04\\\/Palvelu-1-1-1024x768.jpg\",\"datePublished\":\"2026-04-21T16:47:54+00:00\",\"dateModified\":\"2026-04-23T08:05:01+00:00\",\"description\":\"Somahauta tarjoaa palveluvaihtoehtoina muun muassa yll\u00e4pitohoitoa, kausihoitoa, tehohuoltoa ja yksitt\u00e4isi\u00e4 palveluita.\",\"breadcrumb\":{\"@id\":\"https:\\\/\\\/somahauta.fi\\\/?page_id=13#breadcrumb\"},\"inLanguage\":\"fi\",\"potentialAction\":[{\"@type\":\"ReadAction\",\"target\":[\"https:\\\/\\\/somahauta.fi\\\/?page_id=13\"]}]},{\"@type\":\"ImageObject\",\"inLanguage\":\"fi\",\"@id\":\"https:\\\/\\\/somahauta.fi\\\/?page_id=13#primaryimage\",\"url\":\"https:\\\/\\\/somahauta.fi\\\/wp-content\\\/uploads\\\/2026\\\/04\\\/Palvelu-1-1-scaled.jpg\",\"contentUrl\":\"https:\\\/\\\/somahauta.fi\\\/wp-content\\\/uploads\\\/2026\\\/04\\\/Palvelu-1-1-scaled.jpg\",\"width\":2560,\"height\":1920},{\"@type\":\"BreadcrumbList\",\"@id\":\"https:\\\/\\\/somahauta.fi\\\/?page_id=13#breadcrumb\",\"itemListElement\":[{\"@type\":\"ListItem\",\"position\":1,\"name\":\"Etusivu\",\"item\":\"https:\\\/\\\/somahauta.fi\\\/\"},{\"@type\":\"ListItem\",\"position\":2,\"name\":\"Palvelut\"}]},{\"@type\":\"WebSite\",\"@id\":\"https:\\\/\\\/somahauta.fi\\\/#website\",\"url\":\"https:\\\/\\\/somahauta.fi\\\/\",\"name\":\"Somahauta\",\"description\":\"\",\"publisher\":{\"@id\":\"https:\\\/\\\/somahauta.fi\\\/#organization\"},\"potentialAction\":[{\"@type\":\"SearchAction\",\"target\":{\"@type\":\"EntryPoint\",\"urlTemplate\":\"https:\\\/\\\/somahauta.fi\\\/?s={search_term_string}\"},\"query-input\":{\"@type\":\"PropertyValueSpecification\",\"valueRequired\":true,\"valueName\":\"search_term_string\"}}],\"inLanguage\":\"fi\"},{\"@type\":\"Organization\",\"@id\":\"https:\\\/\\\/somahauta.fi\\\/#organization\",\"name\":\"Somahauta\",\"url\":\"https:\\\/\\\/somahauta.fi\\\/\",\"logo\":{\"@type\":\"ImageObject\",\"inLanguage\":\"fi\",\"@id\":\"https:\\\/\\\/somahauta.fi\\\/#\\\/schema\\\/logo\\\/image\\\/\",\"url\":\"https:\\\/\\\/somahauta.fi\\\/wp-content\\\/uploads\\\/2026\\\/04\\\/somahauta_fin-scaled.png\",\"contentUrl\":\"https:\\\/\\\/somahauta.fi\\\/wp-content\\\/uploads\\\/2026\\\/04\\\/somahauta_fin-scaled.png\",\"width\":2560,\"height\":1280,\"caption\":\"Somahauta\"},\"image\":{\"@id\":\"https:\\\/\\\/somahauta.fi\\\/#\\\/schema\\\/logo\\\/image\\\/\"}}]}<\/script>\n<!-- \/ Yoast SEO plugin. -->","yoast_head_json":{"title":"Palvelut -","description":"Somahauta tarjoaa palveluvaihtoehtoina muun muassa yll\u00e4pitohoitoa, kausihoitoa, tehohuoltoa ja yksitt\u00e4isi\u00e4 palveluita.","robots":{"index":"index","follow":"follow","max-snippet":"max-snippet:-1","max-image-preview":"max-image-preview:large","max-video-preview":"max-video-preview:-1"},"canonical":"https:\/\/somahauta.fi\/?page_id=13","og_locale":"fi_FI","og_type":"article","og_title":"Palvelut -","og_description":"Somahauta tarjoaa palveluvaihtoehtoina muun muassa yll\u00e4pitohoitoa, kausihoitoa, tehohuoltoa ja yksitt\u00e4isi\u00e4 palveluita.","og_url":"https:\/\/somahauta.fi\/?page_id=13","article_modified_time":"2026-04-23T08:05:01+00:00","og_image":[{"width":2560,"height":1920,"url":"https:\/\/somahauta.fi\/wp-content\/uploads\/2026\/04\/Palvelu-1-1-scaled.jpg","type":"image\/jpeg"}],"twitter_card":"summary_large_image","twitter_misc":{"Arvioitu lukuaika":"2 minuuttia"},"schema":{"@context":"https:\/\/schema.org","@graph":[{"@type":"WebPage","@id":"https:\/\/somahauta.fi\/?page_id=13","url":"https:\/\/somahauta.fi\/?page_id=13","name":"Palvelut -","isPartOf":{"@id":"https:\/\/somahauta.fi\/#website"},"primaryImageOfPage":{"@id":"https:\/\/somahauta.fi\/?page_id=13#primaryimage"},"image":{"@id":"https:\/\/somahauta.fi\/?page_id=13#primaryimage"},"thumbnailUrl":"https:\/\/somahauta.fi\/wp-content\/uploads\/2026\/04\/Palvelu-1-1-1024x768.jpg","datePublished":"2026-04-21T16:47:54+00:00","dateModified":"2026-04-23T08:05:01+00:00","description":"Somahauta tarjoaa palveluvaihtoehtoina muun muassa yll\u00e4pitohoitoa, kausihoitoa, tehohuoltoa ja yksitt\u00e4isi\u00e4 palveluita.","breadcrumb":{"@id":"https:\/\/somahauta.fi\/?page_id=13#breadcrumb"},"inLanguage":"fi","potentialAction":[{"@type":"ReadAction","target":["https:\/\/somahauta.fi\/?page_id=13"]}]},{"@type":"ImageObject","inLanguage":"fi","@id":"https:\/\/somahauta.fi\/?page_id=13#primaryimage","url":"https:\/\/somahauta.fi\/wp-content\/uploads\/2026\/04\/Palvelu-1-1-scaled.jpg","contentUrl":"https:\/\/somahauta.fi\/wp-content\/uploads\/2026\/04\/Palvelu-1-1-scaled.jpg","width":2560,"height":1920},{"@type":"BreadcrumbList","@id":"https:\/\/somahauta.fi\/?page_id=13#breadcrumb","itemListElement":[{"@type":"ListItem","position":1,"name":"Etusivu","item":"https:\/\/somahauta.fi\/"},{"@type":"ListItem","position":2,"name":"Palvelut"}]},{"@type":"WebSite","@id":"https:\/\/somahauta.fi\/#website","url":"https:\/\/somahauta.fi\/","name":"Somahauta","description":"","publisher":{"@id":"https:\/\/somahauta.fi\/#organization"},"potentialAction":[{"@type":"SearchAction","target":{"@type":"EntryPoint","urlTemplate":"https:\/\/somahauta.fi\/?s={search_term_string}"},"query-input":{"@type":"PropertyValueSpecification","valueRequired":true,"valueName":"search_term_string"}}],"inLanguage":"fi"},{"@type":"Organization","@id":"https:\/\/somahauta.fi\/#organization","name":"Somahauta","url":"https:\/\/somahauta.fi\/","logo":{"@type":"ImageObject","inLanguage":"fi","@id":"https:\/\/somahauta.fi\/#\/schema\/logo\/image\/","url":"https:\/\/somahauta.fi\/wp-content\/uploads\/2026\/04\/somahauta_fin-scaled.png","contentUrl":"https:\/\/somahauta.fi\/wp-content\/uploads\/2026\/04\/somahauta_fin-scaled.png","width":2560,"height":1280,"caption":"Somahauta"},"image":{"@id":"https:\/\/somahauta.fi\/#\/schema\/logo\/image\/"}}]}},"_links":{"self":[{"href":"https:\/\/somahauta.fi\/index.php?rest_route=\/wp\/v2\/pages\/13","targetHints":{"allow":["GET"]}}],"collection":[{"href":"https:\/\/somahauta.fi\/index.php?rest_route=\/wp\/v2\/pages"}],"about":[{"href":"https:\/\/somahauta.fi\/index.php?rest_route=\/wp\/v2\/types\/page"}],"author":[{"embeddable":true,"href":"https:\/\/somahauta.fi\/index.php?rest_route=\/wp\/v2\/users\/1"}],"replies":[{"embeddable":true,"href":"https:\/\/somahauta.fi\/index.php?rest_route=%2Fwp%2Fv2%2Fcomments&post=13"}],"version-history":[{"count":14,"href":"https:\/\/somahauta.fi\/index.php?rest_route=\/wp\/v2\/pages\/13\/revisions"}],"predecessor-version":[{"id":96,"href":"https:\/\/somahauta.fi\/index.php?rest_route=\/wp\/v2\/pages\/13\/revisions\/96"}],"wp:attachment":[{"href":"https:\/\/somahauta.fi\/index.php?rest_route=%2Fwp%2Fv2%2Fmedia&parent=13"}],"curies":[{"name":"wp","href":"https:\/\/api.w.org\/{rel}","templated":true}]}}